{"id":103,"date":"2022-10-04T15:57:34","date_gmt":"2022-10-04T15:57:34","guid":{"rendered":"https:\/\/gaedamatur.is\/?page_id=103"},"modified":"2025-10-29T14:53:33","modified_gmt":"2025-10-29T14:53:33","slug":"um-okkur","status":"publish","type":"page","link":"https:\/\/gaedamatur.is\/en\/um-okkur\/","title":{"rendered":"About"},"content":{"rendered":"<div data-elementor-type=\"wp-page\" data-elementor-id=\"103\" class=\"elementor elementor-103\" data-elementor-post-type=\"page\">\n\t\t\t\t\t\t<section class=\"elementor-section elementor-top-section elementor-element elementor-element-796de7d1 elementor-section-content-middle elementor-section-boxed elementor-section-height-default elementor-section-height-default\" data-id=\"796de7d1\" data-element_type=\"section\" data-e-type=\"section\">\n\t\t\t\t\t\t\t<div class=\"elementor-background-overlay\"><\/div>\n\t\t\t\t\t\t\t<div class=\"elementor-container elementor-column-gap-no\">\n\t\t\t\t\t<div class=\"elementor-column elementor-col-100 elementor-top-column elementor-element elementor-element-7255f2e3\" data-id=\"7255f2e3\" data-element_type=\"column\" data-e-type=\"column\">\n\t\t\t<div class=\"elementor-widget-wrap elementor-element-populated\">\n\t\t\t\t\t\t<div class=\"elementor-element elementor-element-54987ca elementor-widget elementor-widget-image\" data-id=\"54987ca\" data-element_type=\"widget\" data-e-type=\"widget\" data-widget_type=\"image.default\">\n\t\t\t\t<div class=\"elementor-widget-container\">\n\t\t\t\t\t\t\t\t\t\t\t\t\t\t\t<img fetchpriority=\"high\" decoding=\"async\" width=\"300\" height=\"300\" src=\"https:\/\/gaedamatur.is\/wp-content\/uploads\/2023\/08\/368632704_334237235605695_4251649251569993597_n-300x300.jpg\" class=\"attachment-medium size-medium wp-image-1252\" alt=\"\" srcset=\"https:\/\/gaedamatur.is\/wp-content\/uploads\/2023\/08\/368632704_334237235605695_4251649251569993597_n-300x300.jpg 300w, https:\/\/gaedamatur.is\/wp-content\/uploads\/2023\/08\/368632704_334237235605695_4251649251569993597_n-1024x1024.jpg 1024w, https:\/\/gaedamatur.is\/wp-content\/uploads\/2023\/08\/368632704_334237235605695_4251649251569993597_n-150x150.jpg 150w, https:\/\/gaedamatur.is\/wp-content\/uploads\/2023\/08\/368632704_334237235605695_4251649251569993597_n-768x769.jpg 768w, https:\/\/gaedamatur.is\/wp-content\/uploads\/2023\/08\/368632704_334237235605695_4251649251569993597_n-1536x1536.jpg 1536w, https:\/\/gaedamatur.is\/wp-content\/uploads\/2023\/08\/368632704_334237235605695_4251649251569993597_n-12x12.jpg 12w, https:\/\/gaedamatur.is\/wp-content\/uploads\/2023\/08\/368632704_334237235605695_4251649251569993597_n-600x601.jpg 600w, https:\/\/gaedamatur.is\/wp-content\/uploads\/2023\/08\/368632704_334237235605695_4251649251569993597_n-100x100.jpg 100w, https:\/\/gaedamatur.is\/wp-content\/uploads\/2023\/08\/368632704_334237235605695_4251649251569993597_n.jpg 2046w\" sizes=\"(max-width: 300px) 100vw, 300px\" \/>\t\t\t\t\t\t\t\t\t\t\t\t\t\t\t<\/div>\n\t\t\t\t<\/div>\n\t\t\t\t<div class=\"elementor-element elementor-element-cef2fab elementor-widget elementor-widget-heading\" data-id=\"cef2fab\" data-element_type=\"widget\" data-e-type=\"widget\" data-widget_type=\"heading.default\">\n\t\t\t\t<div class=\"elementor-widget-container\">\n\t\t\t\t\t<h1 class=\"elementor-heading-title elementor-size-default\">About<\/h1>\t\t\t\t<\/div>\n\t\t\t\t<\/div>\n\t\t\t\t<div class=\"elementor-element elementor-element-5b355a6 elementor-widget elementor-widget-spacer\" data-id=\"5b355a6\" data-element_type=\"widget\" data-e-type=\"widget\" data-widget_type=\"spacer.default\">\n\t\t\t\t<div class=\"elementor-widget-container\">\n\t\t\t\t\t\t\t<div class=\"elementor-spacer\">\n\t\t\t<div class=\"elementor-spacer-inner\"><\/div>\n\t\t<\/div>\n\t\t\t\t\t\t<\/div>\n\t\t\t\t<\/div>\n\t\t\t\t<div class=\"elementor-element elementor-element-463a570e elementor-widget__width-initial animated-slow elementor-invisible elementor-widget elementor-widget-text-editor\" data-id=\"463a570e\" data-element_type=\"widget\" data-e-type=\"widget\" data-settings=\"{&quot;_animation&quot;:&quot;fadeIn&quot;,&quot;_animation_delay&quot;:500}\" data-widget_type=\"text-editor.default\">\n\t\t\t\t<div class=\"elementor-widget-container\">\n\t\t\t\t\t\t\t\t\t<h3><strong>G\u00e6\u00f0a Matur Veislu\u00fej\u00f3nustan\u00a0<\/strong><\/h3><h3><strong>Vi\u00f0 \u00ed G\u00e6\u00f0a Matur eldum matinn af \u00e1str\u00ed\u00f0u.<br \/><\/strong><br \/>Vi\u00f0 f\u00f6gnum mat og brag\u00f0tegundum me\u00f0 \u00fev\u00ed a\u00f0 \u00fatb\u00faa h\u00e1g\u00e6\u00f0a v\u00f6rur fyrir gestir okkar.<\/h3><h3>Kokkurinn \u00e1 bakvi\u00f0 G\u00e6\u00f0a Matur, Bartosz l\u00e6r\u00f0i a\u00f0 elda \u00e1 \u00cdslandi vinnandi me\u00f0 bestu kokkunum, veitingast\u00f6\u00f0um og vi\u00f0bur\u00f0um.<\/h3><h3>\u00a0<\/h3><h3>\u00c1str\u00ed\u00f0a hans fyrir matarger\u00f0 byrja\u00f0i me\u00f0 heimager\u00f0um mat m\u00f3\u00f0ur hans me\u00f0 brag\u00f0tegundum sem hann gleymir seint.<\/h3><h3>Engin s\u00f3un, ferskt, hollt, brag\u00f0gott og bestu g\u00e6\u00f0i eru or\u00f0in sem vi\u00f0 eldum eftir.<\/h3><h3>\u00a0<\/h3><h3><strong>At G\u00e6\u00f0a Matur, we cook food with passion.<\/strong><\/h3><h3>We celebrate food and flavors by preparing high-quality products for guests.<br \/>The chef behind G\u00e6\u00f0a Matur, Bartosz, learned to cook in Iceland, working with the best chefs, restaurants and events.<\/h3><h3>His passion for cooking started with his mother&#8217;s home-cooked food with flavors he never forgets.<br \/>No waste, fresh, healthy, tasty and best quality are the words we cook by.<\/h3><h3><strong>G\u00e6\u00f0a Matur\u00a0<\/strong><\/h3>\t\t\t\t\t\t\t\t<\/div>\n\t\t\t\t<\/div>\n\t\t\t\t\t<\/div>\n\t\t<\/div>\n\t\t\t\t\t<\/div>\n\t\t<\/section>\n\t\t\t\t<\/div>","protected":false},"excerpt":{"rendered":"<p>Um Okkur G\u00e6\u00f0a Matur Veislu\u00fej\u00f3nustan\u00a0 Vi\u00f0 \u00ed G\u00e6\u00f0a Matur eldum matinn af \u00e1str\u00ed\u00f0u.Vi\u00f0 f\u00f6gnum mat og brag\u00f0tegundum me\u00f0 \u00fev\u00ed a\u00f0 \u00fatb\u00faa h\u00e1g\u00e6\u00f0a v\u00f6rur fyrir gestir okkar. Kokkurinn \u00e1 bakvi\u00f0 G\u00e6\u00f0a Matur, Bartosz l\u00e6r\u00f0i a\u00f0 elda \u00e1 \u00cdslandi vinnandi me\u00f0 bestu kokkunum, veitingast\u00f6\u00f0um og vi\u00f0bur\u00f0um. \u00a0 \u00c1str\u00ed\u00f0a hans fyrir matarger\u00f0 byrja\u00f0i me\u00f0 heimager\u00f0um mat m\u00f3\u00f0ur hans [&hellip;]<\/p>\n","protected":false},"author":2,"featured_media":0,"parent":0,"menu_order":0,"comment_status":"closed","ping_status":"closed","template":"","meta":{"site-sidebar-layout":"no-sidebar","site-content-layout":"page-builder","ast-site-content-layout":"default","site-content-style":"default","site-sidebar-style":"default","ast-global-header-display":"","ast-banner-title-visibility":"","ast-main-header-display":"","ast-hfb-above-header-display":"","ast-hfb-below-header-display":"","ast-hfb-mobile-header-display":"","site-post-title":"disabled","ast-breadcrumbs-content":"","ast-featured-img":"disabled","footer-sml-layout":"","theme-transparent-header-meta":"default","adv-header-id-meta":"","stick-header-meta":"","header-above-stick-meta":"","header-main-stick-meta":"","header-below-stick-meta":"","astra-migrate-meta-layouts":"default","ast-page-background-enabled":"default","ast-page-background-meta":{"desktop":{"background-color":"var(--ast-global-color-4)","background-image":"","background-repeat":"repeat","background-position":"center center","background-size":"auto","background-attachment":"scroll","background-type":"","background-media":"","overlay-type":"","overlay-color":"","overlay-opacity":"","overlay-gradient":""},"tablet":{"background-color":"","background-image":"","background-repeat":"repeat","background-position":"center center","background-size":"auto","background-attachment":"scroll","background-type":"","background-media":"","overlay-type":"","overlay-color":"","overlay-opacity":"","overlay-gradient":""},"mobile":{"background-color":"","background-image":"","background-repeat":"repeat","background-position":"center center","background-size":"auto","background-attachment":"scroll","background-type":"","background-media":"","overlay-type":"","overlay-color":"","overlay-opacity":"","overlay-gradient":""}},"ast-content-background-meta":{"desktop":{"background-color":"var(--ast-global-color-5)","background-image":"","background-repeat":"repeat","background-position":"center center","background-size":"auto","background-attachment":"scroll","background-type":"","background-media":"","overlay-type":"","overlay-color":"","overlay-opacity":"","overlay-gradient":""},"tablet":{"background-color":"var(--ast-global-color-5)","background-image":"","background-repeat":"repeat","background-position":"center center","background-size":"auto","background-attachment":"scroll","background-type":"","background-media":"","overlay-type":"","overlay-color":"","overlay-opacity":"","overlay-gradient":""},"mobile":{"background-color":"var(--ast-global-color-5)","background-image":"","background-repeat":"repeat","background-position":"center center","background-size":"auto","background-attachment":"scroll","background-type":"","background-media":"","overlay-type":"","overlay-color":"","overlay-opacity":"","overlay-gradient":""}},"footnotes":""},"class_list":["post-103","page","type-page","status-publish","hentry"],"yoast_head":"<!-- This site is optimized with the Yoast SEO plugin v26.1.1 - https:\/\/yoast.com\/wordpress\/plugins\/seo\/ -->\n<title>Um Okkur | G\u00e6\u00f0a Matur<\/title>\n<meta name=\"robots\" content=\"index, follow, max-snippet:-1, max-image-preview:large, max-video-preview:-1\" \/>\n<link rel=\"canonical\" href=\"https:\/\/gaedamatur.is\/en\/um-okkur\/\" \/>\n<meta property=\"og:locale\" content=\"en_US\" \/>\n<meta property=\"og:type\" content=\"article\" \/>\n<meta property=\"og:title\" content=\"Um Okkur | G\u00e6\u00f0a Matur\" \/>\n<meta property=\"og:description\" content=\"Um Okkur G\u00e6\u00f0a Matur Veislu\u00fej\u00f3nustan\u00a0 Vi\u00f0 \u00ed G\u00e6\u00f0a Matur eldum matinn af \u00e1str\u00ed\u00f0u.Vi\u00f0 f\u00f6gnum mat og brag\u00f0tegundum me\u00f0 \u00fev\u00ed a\u00f0 \u00fatb\u00faa h\u00e1g\u00e6\u00f0a v\u00f6rur fyrir gestir okkar. Kokkurinn \u00e1 bakvi\u00f0 G\u00e6\u00f0a Matur, Bartosz l\u00e6r\u00f0i a\u00f0 elda \u00e1 \u00cdslandi vinnandi me\u00f0 bestu kokkunum, veitingast\u00f6\u00f0um og vi\u00f0bur\u00f0um. \u00a0 \u00c1str\u00ed\u00f0a hans fyrir matarger\u00f0 byrja\u00f0i me\u00f0 heimager\u00f0um mat m\u00f3\u00f0ur hans [&hellip;]\" \/>\n<meta property=\"og:url\" content=\"https:\/\/gaedamatur.is\/en\/um-okkur\/\" \/>\n<meta property=\"og:site_name\" content=\"G\u00e6\u00f0a Matur\" \/>\n<meta property=\"article:publisher\" content=\"https:\/\/www.facebook.com\/lillyandjulias\" \/>\n<meta property=\"article:modified_time\" content=\"2025-10-29T14:53:33+00:00\" \/>\n<meta property=\"og:image\" content=\"https:\/\/gaedamatur.is\/wp-content\/uploads\/2023\/08\/368632704_334237235605695_4251649251569993597_n.jpg\" \/>\n\t<meta property=\"og:image:width\" content=\"2046\" \/>\n\t<meta property=\"og:image:height\" content=\"2048\" \/>\n\t<meta property=\"og:image:type\" content=\"image\/jpeg\" \/>\n<meta name=\"twitter:card\" content=\"summary_large_image\" \/>\n<meta name=\"twitter:label1\" content=\"Est. reading time\" \/>\n\t<meta name=\"twitter:data1\" content=\"1 minute\" \/>\n<script type=\"application\/ld+json\" class=\"yoast-schema-graph\">{\"@context\":\"https:\/\/schema.org\",\"@graph\":[{\"@type\":\"WebPage\",\"@id\":\"https:\/\/gaedamatur.is\/um-okkur\/\",\"url\":\"https:\/\/gaedamatur.is\/um-okkur\/\",\"name\":\"Um Okkur | G\u00e6\u00f0a Matur\",\"isPartOf\":{\"@id\":\"https:\/\/gaedamatur.is\/#website\"},\"primaryImageOfPage\":{\"@id\":\"https:\/\/gaedamatur.is\/um-okkur\/#primaryimage\"},\"image\":{\"@id\":\"https:\/\/gaedamatur.is\/um-okkur\/#primaryimage\"},\"thumbnailUrl\":\"https:\/\/gaedamatur.is\/wp-content\/uploads\/2023\/08\/368632704_334237235605695_4251649251569993597_n-300x300.jpg\",\"datePublished\":\"2022-10-04T15:57:34+00:00\",\"dateModified\":\"2025-10-29T14:53:33+00:00\",\"breadcrumb\":{\"@id\":\"https:\/\/gaedamatur.is\/um-okkur\/#breadcrumb\"},\"inLanguage\":\"en-US\",\"potentialAction\":[{\"@type\":\"ReadAction\",\"target\":[\"https:\/\/gaedamatur.is\/um-okkur\/\"]}]},{\"@type\":\"ImageObject\",\"inLanguage\":\"en-US\",\"@id\":\"https:\/\/gaedamatur.is\/um-okkur\/#primaryimage\",\"url\":\"https:\/\/gaedamatur.is\/wp-content\/uploads\/2023\/08\/368632704_334237235605695_4251649251569993597_n-300x300.jpg\",\"contentUrl\":\"https:\/\/gaedamatur.is\/wp-content\/uploads\/2023\/08\/368632704_334237235605695_4251649251569993597_n-300x300.jpg\"},{\"@type\":\"BreadcrumbList\",\"@id\":\"https:\/\/gaedamatur.is\/um-okkur\/#breadcrumb\",\"itemListElement\":[{\"@type\":\"ListItem\",\"position\":1,\"name\":\"Home\",\"item\":\"https:\/\/gaedamatur.is\/\"},{\"@type\":\"ListItem\",\"position\":2,\"name\":\"Um Okkur\"}]},{\"@type\":\"WebSite\",\"@id\":\"https:\/\/gaedamatur.is\/#website\",\"url\":\"https:\/\/gaedamatur.is\/\",\"name\":\"G\u00e6\u00f0a Matur\",\"description\":\"H\u00e1g\u00e6\u00f0a Veislu\u00fej\u00f3nusta \u00e1 Selfossi\",\"publisher\":{\"@id\":\"https:\/\/gaedamatur.is\/#organization\"},\"potentialAction\":[{\"@type\":\"SearchAction\",\"target\":{\"@type\":\"EntryPoint\",\"urlTemplate\":\"https:\/\/gaedamatur.is\/?s={search_term_string}\"},\"query-input\":{\"@type\":\"PropertyValueSpecification\",\"valueRequired\":true,\"valueName\":\"search_term_string\"}}],\"inLanguage\":\"en-US\"},{\"@type\":\"Organization\",\"@id\":\"https:\/\/gaedamatur.is\/#organization\",\"name\":\"G\u00e6\u00f0a Matur\",\"alternateName\":\"Lilly&Julia's Kitchen\",\"url\":\"https:\/\/gaedamatur.is\/\",\"logo\":{\"@type\":\"ImageObject\",\"inLanguage\":\"en-US\",\"@id\":\"https:\/\/gaedamatur.is\/#\/schema\/logo\/image\/\",\"url\":\"https:\/\/gaedamatur.is\/wp-content\/uploads\/2025\/05\/Lilly-and-Julias-Kitchen-logo-scaled.png\",\"contentUrl\":\"https:\/\/gaedamatur.is\/wp-content\/uploads\/2025\/05\/Lilly-and-Julias-Kitchen-logo-scaled.png\",\"width\":2560,\"height\":2560,\"caption\":\"G\u00e6\u00f0a Matur\"},\"image\":{\"@id\":\"https:\/\/gaedamatur.is\/#\/schema\/logo\/image\/\"},\"sameAs\":[\"https:\/\/www.facebook.com\/lillyandjulias\",\"https:\/\/www.instagram.com\/lillyandjulias\"]}]}<\/script>\n<!-- \/ Yoast SEO plugin. -->","yoast_head_json":{"title":"Um Okkur | G\u00e6\u00f0a Matur","robots":{"index":"index","follow":"follow","max-snippet":"max-snippet:-1","max-image-preview":"max-image-preview:large","max-video-preview":"max-video-preview:-1"},"canonical":"https:\/\/gaedamatur.is\/en\/um-okkur\/","og_locale":"en_US","og_type":"article","og_title":"Um Okkur | G\u00e6\u00f0a Matur","og_description":"Um Okkur G\u00e6\u00f0a Matur Veislu\u00fej\u00f3nustan\u00a0 Vi\u00f0 \u00ed G\u00e6\u00f0a Matur eldum matinn af \u00e1str\u00ed\u00f0u.Vi\u00f0 f\u00f6gnum mat og brag\u00f0tegundum me\u00f0 \u00fev\u00ed a\u00f0 \u00fatb\u00faa h\u00e1g\u00e6\u00f0a v\u00f6rur fyrir gestir okkar. Kokkurinn \u00e1 bakvi\u00f0 G\u00e6\u00f0a Matur, Bartosz l\u00e6r\u00f0i a\u00f0 elda \u00e1 \u00cdslandi vinnandi me\u00f0 bestu kokkunum, veitingast\u00f6\u00f0um og vi\u00f0bur\u00f0um. \u00a0 \u00c1str\u00ed\u00f0a hans fyrir matarger\u00f0 byrja\u00f0i me\u00f0 heimager\u00f0um mat m\u00f3\u00f0ur hans [&hellip;]","og_url":"https:\/\/gaedamatur.is\/en\/um-okkur\/","og_site_name":"G\u00e6\u00f0a Matur","article_publisher":"https:\/\/www.facebook.com\/lillyandjulias","article_modified_time":"2025-10-29T14:53:33+00:00","og_image":[{"width":2046,"height":2048,"url":"https:\/\/gaedamatur.is\/wp-content\/uploads\/2023\/08\/368632704_334237235605695_4251649251569993597_n.jpg","type":"image\/jpeg"}],"twitter_card":"summary_large_image","twitter_misc":{"Est. reading time":"1 minute"},"schema":{"@context":"https:\/\/schema.org","@graph":[{"@type":"WebPage","@id":"https:\/\/gaedamatur.is\/um-okkur\/","url":"https:\/\/gaedamatur.is\/um-okkur\/","name":"Um Okkur | G\u00e6\u00f0a Matur","isPartOf":{"@id":"https:\/\/gaedamatur.is\/#website"},"primaryImageOfPage":{"@id":"https:\/\/gaedamatur.is\/um-okkur\/#primaryimage"},"image":{"@id":"https:\/\/gaedamatur.is\/um-okkur\/#primaryimage"},"thumbnailUrl":"https:\/\/gaedamatur.is\/wp-content\/uploads\/2023\/08\/368632704_334237235605695_4251649251569993597_n-300x300.jpg","datePublished":"2022-10-04T15:57:34+00:00","dateModified":"2025-10-29T14:53:33+00:00","breadcrumb":{"@id":"https:\/\/gaedamatur.is\/um-okkur\/#breadcrumb"},"inLanguage":"en-US","potentialAction":[{"@type":"ReadAction","target":["https:\/\/gaedamatur.is\/um-okkur\/"]}]},{"@type":"ImageObject","inLanguage":"en-US","@id":"https:\/\/gaedamatur.is\/um-okkur\/#primaryimage","url":"https:\/\/gaedamatur.is\/wp-content\/uploads\/2023\/08\/368632704_334237235605695_4251649251569993597_n-300x300.jpg","contentUrl":"https:\/\/gaedamatur.is\/wp-content\/uploads\/2023\/08\/368632704_334237235605695_4251649251569993597_n-300x300.jpg"},{"@type":"BreadcrumbList","@id":"https:\/\/gaedamatur.is\/um-okkur\/#breadcrumb","itemListElement":[{"@type":"ListItem","position":1,"name":"Home","item":"https:\/\/gaedamatur.is\/"},{"@type":"ListItem","position":2,"name":"Um Okkur"}]},{"@type":"WebSite","@id":"https:\/\/gaedamatur.is\/#website","url":"https:\/\/gaedamatur.is\/","name":"G\u00e6\u00f0a Matur","description":"H\u00e1g\u00e6\u00f0a Veislu\u00fej\u00f3nusta \u00e1 Selfossi","publisher":{"@id":"https:\/\/gaedamatur.is\/#organization"},"potentialAction":[{"@type":"SearchAction","target":{"@type":"EntryPoint","urlTemplate":"https:\/\/gaedamatur.is\/?s={search_term_string}"},"query-input":{"@type":"PropertyValueSpecification","valueRequired":true,"valueName":"search_term_string"}}],"inLanguage":"en-US"},{"@type":"Organization","@id":"https:\/\/gaedamatur.is\/#organization","name":"G\u00e6\u00f0a Matur","alternateName":"Lilly&Julia's Kitchen","url":"https:\/\/gaedamatur.is\/","logo":{"@type":"ImageObject","inLanguage":"en-US","@id":"https:\/\/gaedamatur.is\/#\/schema\/logo\/image\/","url":"https:\/\/gaedamatur.is\/wp-content\/uploads\/2025\/05\/Lilly-and-Julias-Kitchen-logo-scaled.png","contentUrl":"https:\/\/gaedamatur.is\/wp-content\/uploads\/2025\/05\/Lilly-and-Julias-Kitchen-logo-scaled.png","width":2560,"height":2560,"caption":"G\u00e6\u00f0a Matur"},"image":{"@id":"https:\/\/gaedamatur.is\/#\/schema\/logo\/image\/"},"sameAs":["https:\/\/www.facebook.com\/lillyandjulias","https:\/\/www.instagram.com\/lillyandjulias"]}]}},"_links":{"self":[{"href":"https:\/\/gaedamatur.is\/en\/wp-json\/wp\/v2\/pages\/103","targetHints":{"allow":["GET"]}}],"collection":[{"href":"https:\/\/gaedamatur.is\/en\/wp-json\/wp\/v2\/pages"}],"about":[{"href":"https:\/\/gaedamatur.is\/en\/wp-json\/wp\/v2\/types\/page"}],"author":[{"embeddable":true,"href":"https:\/\/gaedamatur.is\/en\/wp-json\/wp\/v2\/users\/2"}],"replies":[{"embeddable":true,"href":"https:\/\/gaedamatur.is\/en\/wp-json\/wp\/v2\/comments?post=103"}],"version-history":[{"count":17,"href":"https:\/\/gaedamatur.is\/en\/wp-json\/wp\/v2\/pages\/103\/revisions"}],"predecessor-version":[{"id":2645,"href":"https:\/\/gaedamatur.is\/en\/wp-json\/wp\/v2\/pages\/103\/revisions\/2645"}],"wp:attachment":[{"href":"https:\/\/gaedamatur.is\/en\/wp-json\/wp\/v2\/media?parent=103"}],"curies":[{"name":"wp","href":"https:\/\/api.w.org\/{rel}","templated":true}]}}