{"id":105,"date":"2022-10-04T14:04:09","date_gmt":"2022-10-04T14:04:09","guid":{"rendered":"https:\/\/gaedamatur.is\/?page_id=105"},"modified":"2025-12-18T02:42:18","modified_gmt":"2025-12-18T02:42:18","slug":"hafa-samband","status":"publish","type":"page","link":"https:\/\/gaedamatur.is\/en\/hafa-samband\/","title":{"rendered":"Contact"},"content":{"rendered":"\t\t<div data-elementor-type=\"wp-page\" data-elementor-id=\"105\" class=\"elementor elementor-105\" data-elementor-post-type=\"page\">\n\t\t\t\t\t\t<section class=\"elementor-section elementor-top-section elementor-element elementor-element-1e7ce7bc elementor-section-content-middle elementor-section-boxed elementor-section-height-default elementor-section-height-default\" data-id=\"1e7ce7bc\" data-element_type=\"section\" data-e-type=\"section\">\n\t\t\t\t\t\t<div class=\"elementor-container elementor-column-gap-no\">\n\t\t\t\t\t<div class=\"elementor-column elementor-col-100 elementor-top-column elementor-element elementor-element-4156c9ec\" data-id=\"4156c9ec\" data-element_type=\"column\" data-e-type=\"column\">\n\t\t\t<div class=\"elementor-widget-wrap elementor-element-populated\">\n\t\t\t\t\t\t<div class=\"elementor-element elementor-element-338f0fe8 elementor-widget elementor-widget-heading\" data-id=\"338f0fe8\" data-element_type=\"widget\" data-e-type=\"widget\" data-widget_type=\"heading.default\">\n\t\t\t\t<div class=\"elementor-widget-container\">\n\t\t\t\t\t<h1 class=\"elementor-heading-title elementor-size-default\">Hafa Samband<\/h1>\t\t\t\t<\/div>\n\t\t\t\t<\/div>\n\t\t\t\t<div class=\"elementor-element elementor-element-c4ff7c7 elementor-widget elementor-widget-image\" data-id=\"c4ff7c7\" data-element_type=\"widget\" data-e-type=\"widget\" data-widget_type=\"image.default\">\n\t\t\t\t<div class=\"elementor-widget-container\">\n\t\t\t\t\t\t\t\t\t\t\t\t\t\t\t<img fetchpriority=\"high\" decoding=\"async\" width=\"768\" height=\"576\" src=\"https:\/\/gaedamatur.is\/wp-content\/uploads\/2022\/10\/ostakaka-768x576.jpg\" class=\"attachment-medium_large size-medium_large wp-image-262\" alt=\"ostakaka\" srcset=\"https:\/\/gaedamatur.is\/wp-content\/uploads\/2022\/10\/ostakaka-768x576.jpg 768w, https:\/\/gaedamatur.is\/wp-content\/uploads\/2022\/10\/ostakaka-600x450.jpg 600w, https:\/\/gaedamatur.is\/wp-content\/uploads\/2022\/10\/ostakaka-300x225.jpg 300w, https:\/\/gaedamatur.is\/wp-content\/uploads\/2022\/10\/ostakaka.jpg 800w\" sizes=\"(max-width: 768px) 100vw, 768px\" \/>\t\t\t\t\t\t\t\t\t\t\t\t\t\t\t<\/div>\n\t\t\t\t<\/div>\n\t\t\t\t<div class=\"elementor-element elementor-element-5e78768 elementor-widget elementor-widget-spacer\" data-id=\"5e78768\" data-element_type=\"widget\" data-e-type=\"widget\" data-widget_type=\"spacer.default\">\n\t\t\t\t<div class=\"elementor-widget-container\">\n\t\t\t\t\t\t\t<div class=\"elementor-spacer\">\n\t\t\t<div class=\"elementor-spacer-inner\"><\/div>\n\t\t<\/div>\n\t\t\t\t\t\t<\/div>\n\t\t\t\t<\/div>\n\t\t\t\t<div class=\"elementor-element elementor-element-363a02a elementor-widget__width-initial animated-slow elementor-invisible elementor-widget elementor-widget-text-editor\" data-id=\"363a02a\" data-element_type=\"widget\" data-e-type=\"widget\" data-settings=\"{&quot;_animation&quot;:&quot;fadeIn&quot;,&quot;_animation_delay&quot;:500}\" data-widget_type=\"text-editor.default\">\n\t\t\t\t<div class=\"elementor-widget-container\">\n\t\t\t\t\t\t\t\t\t<h2>Vinsamlegast hafi\u00f0 samband ef \u00fei\u00f0 vilji\u00f0 leigja m\u00f6gnu\u00f0u kokkana okkar e\u00f0a ef \u00fei\u00f0 hafi\u00f0 einhverjar \u00e1bendingar e\u00f0a spurningar var\u00f0andi b\u00f3kanir og sl\u00edkt.<\/h2><h2>Endilega l\u00e1ti\u00f0 okkur vita ef um \u00f3\u00feol\/ofn\u00e6mi er a\u00f0 r\u00e6\u00f0a e\u00f0a s\u00e9rstakt matarr\u00e6\u00f0i.<\/h2>\t\t\t\t\t\t\t\t<\/div>\n\t\t\t\t<\/div>\n\t\t\t\t<div class=\"elementor-element elementor-element-4948d92 elementor-widget elementor-widget-spacer\" data-id=\"4948d92\" data-element_type=\"widget\" data-e-type=\"widget\" data-widget_type=\"spacer.default\">\n\t\t\t\t<div class=\"elementor-widget-container\">\n\t\t\t\t\t\t\t<div class=\"elementor-spacer\">\n\t\t\t<div class=\"elementor-spacer-inner\"><\/div>\n\t\t<\/div>\n\t\t\t\t\t\t<\/div>\n\t\t\t\t<\/div>\n\t\t\t\t<section class=\"elementor-section elementor-inner-section elementor-element elementor-element-53de3691 elementor-section-content-middle elementor-section-boxed elementor-section-height-default elementor-section-height-default\" data-id=\"53de3691\" data-element_type=\"section\" data-e-type=\"section\">\n\t\t\t\t\t\t<div class=\"elementor-container elementor-column-gap-no\">\n\t\t\t\t\t<div class=\"elementor-column elementor-col-50 elementor-inner-column elementor-element elementor-element-56ecd6f7\" data-id=\"56ecd6f7\" data-element_type=\"column\" data-e-type=\"column\">\n\t\t\t<div class=\"elementor-widget-wrap elementor-element-populated\">\n\t\t\t\t\t\t<div class=\"elementor-element elementor-element-6d739b64 elementor-widget elementor-widget-heading\" data-id=\"6d739b64\" data-element_type=\"widget\" data-e-type=\"widget\" data-widget_type=\"heading.default\">\n\t\t\t\t<div class=\"elementor-widget-container\">\n\t\t\t\t\t<h6 class=\"elementor-heading-title elementor-size-default\">S\u00edmi: +354 787 32 13\n<\/h6>\t\t\t\t<\/div>\n\t\t\t\t<\/div>\n\t\t\t\t<div class=\"elementor-element elementor-element-2494f760 elementor-widget elementor-widget-heading\" data-id=\"2494f760\" data-element_type=\"widget\" data-e-type=\"widget\" data-widget_type=\"heading.default\">\n\t\t\t\t<div class=\"elementor-widget-container\">\n\t\t\t\t\t<h6 class=\"elementor-heading-title elementor-size-default\">Email: gaedamatur@gmail.com<\/h6>\t\t\t\t<\/div>\n\t\t\t\t<\/div>\n\t\t\t\t<div class=\"elementor-element elementor-element-076d606 elementor-widget__width-inherit e-grid-align-left e-grid-align-mobile-center elementor-shape-rounded elementor-grid-0 elementor-widget elementor-widget-social-icons\" data-id=\"076d606\" data-element_type=\"widget\" data-e-type=\"widget\" data-widget_type=\"social-icons.default\">\n\t\t\t\t<div class=\"elementor-widget-container\">\n\t\t\t\t\t\t\t<div class=\"elementor-social-icons-wrapper elementor-grid\" role=\"list\">\n\t\t\t\t\t\t\t<span class=\"elementor-grid-item\" role=\"listitem\">\n\t\t\t\t\t<a class=\"elementor-icon elementor-social-icon elementor-social-icon-facebook elementor-animation-grow elementor-repeater-item-ca75ed5\" href=\"https:\/\/www.facebook.com\/profile.php?id=100085123753241\" target=\"_blank\">\n\t\t\t\t\t\t<span class=\"elementor-screen-only\">Facebook<\/span>\n\t\t\t\t\t\t<i aria-hidden=\"true\" class=\"fab fa-facebook\"><\/i>\t\t\t\t\t<\/a>\n\t\t\t\t<\/span>\n\t\t\t\t\t\t\t<span class=\"elementor-grid-item\" role=\"listitem\">\n\t\t\t\t\t<a class=\"elementor-icon elementor-social-icon elementor-social-icon-instagram elementor-animation-grow elementor-repeater-item-b38f13f\" href=\"https:\/\/www.instagram.com\/gaeda.matur\/\" target=\"_blank\">\n\t\t\t\t\t\t<span class=\"elementor-screen-only\">Instagram<\/span>\n\t\t\t\t\t\t<i aria-hidden=\"true\" class=\"fab fa-instagram\"><\/i>\t\t\t\t\t<\/a>\n\t\t\t\t<\/span>\n\t\t\t\t\t<\/div>\n\t\t\t\t\t\t<\/div>\n\t\t\t\t<\/div>\n\t\t\t\t<div class=\"elementor-element elementor-element-286ac007 elementor-widget elementor-widget-heading\" data-id=\"286ac007\" data-element_type=\"widget\" data-e-type=\"widget\" data-widget_type=\"heading.default\">\n\t\t\t\t<div class=\"elementor-widget-container\">\n\t\t\t\t\t<h6 class=\"elementor-heading-title elementor-size-default\">Austurvegur 35, 800 Selfoss<\/h6>\t\t\t\t<\/div>\n\t\t\t\t<\/div>\n\t\t\t\t<div class=\"elementor-element elementor-element-8780886 elementor-widget elementor-widget-spacer\" data-id=\"8780886\" data-element_type=\"widget\" data-e-type=\"widget\" data-widget_type=\"spacer.default\">\n\t\t\t\t<div class=\"elementor-widget-container\">\n\t\t\t\t\t\t\t<div class=\"elementor-spacer\">\n\t\t\t<div class=\"elementor-spacer-inner\"><\/div>\n\t\t<\/div>\n\t\t\t\t\t\t<\/div>\n\t\t\t\t<\/div>\n\t\t\t\t\t<\/div>\n\t\t<\/div>\n\t\t\t\t<div class=\"elementor-column elementor-col-50 elementor-inner-column elementor-element elementor-element-1de1322d\" data-id=\"1de1322d\" data-element_type=\"column\" data-e-type=\"column\">\n\t\t\t<div class=\"elementor-widget-wrap elementor-element-populated\">\n\t\t\t\t\t\t<div class=\"elementor-element elementor-element-29e50503 elementor-button-align-start elementor-widget elementor-widget-form\" data-id=\"29e50503\" data-element_type=\"widget\" data-e-type=\"widget\" data-settings=\"{&quot;step_next_label&quot;:&quot;Next&quot;,&quot;step_previous_label&quot;:&quot;Previous&quot;,&quot;button_width&quot;:&quot;100&quot;,&quot;step_type&quot;:&quot;number_text&quot;,&quot;step_icon_shape&quot;:&quot;circle&quot;}\" data-widget_type=\"form.default\">\n\t\t\t\t<div class=\"elementor-widget-container\">\n\t\t\t\t\t\t\t<form class=\"elementor-form\" method=\"post\" name=\"New Form\" aria-label=\"New Form\">\n\t\t\t<input type=\"hidden\" name=\"post_id\" value=\"105\"\/>\n\t\t\t<input type=\"hidden\" name=\"form_id\" value=\"29e50503\"\/>\n\t\t\t<input type=\"hidden\" name=\"referer_title\" value=\"G\u00e6\u00f0a Matur\" \/>\n\n\t\t\t\n\t\t\t<div class=\"elementor-form-fields-wrapper elementor-labels-\">\n\t\t\t\t\t\t\t\t<div class=\"elementor-field-type-text elementor-field-group elementor-column elementor-field-group-name elementor-col-100\">\n\t\t\t\t\t\t\t\t\t\t\t\t<label for=\"form-field-name\" class=\"elementor-field-label elementor-screen-only\">\n\t\t\t\t\t\t\t\tName\t\t\t\t\t\t\t<\/label>\n\t\t\t\t\t\t\t\t\t\t\t\t\t\t<input size=\"1\" type=\"text\" name=\"form_fields[name]\" id=\"form-field-name\" class=\"elementor-field elementor-size-sm  elementor-field-textual\" placeholder=\"Nafn\">\n\t\t\t\t\t\t\t\t\t\t\t<\/div>\n\t\t\t\t\t\t\t\t<div class=\"elementor-field-type-email elementor-field-group elementor-column elementor-field-group-email elementor-col-100 elementor-field-required\">\n\t\t\t\t\t\t\t\t\t\t\t\t<label for=\"form-field-email\" class=\"elementor-field-label elementor-screen-only\">\n\t\t\t\t\t\t\t\tEmail\t\t\t\t\t\t\t<\/label>\n\t\t\t\t\t\t\t\t\t\t\t\t\t\t<input size=\"1\" type=\"email\" name=\"form_fields[email]\" id=\"form-field-email\" class=\"elementor-field elementor-size-sm  elementor-field-textual\" placeholder=\"Email\" required=\"required\">\n\t\t\t\t\t\t\t\t\t\t\t<\/div>\n\t\t\t\t\t\t\t\t<div class=\"elementor-field-type-textarea elementor-field-group elementor-column elementor-field-group-message elementor-col-100\">\n\t\t\t\t\t\t\t\t\t\t\t\t<label for=\"form-field-message\" class=\"elementor-field-label elementor-screen-only\">\n\t\t\t\t\t\t\t\tMessage\t\t\t\t\t\t\t<\/label>\n\t\t\t\t\t\t<textarea class=\"elementor-field-textual elementor-field  elementor-size-sm\" name=\"form_fields[message]\" id=\"form-field-message\" rows=\"6\" placeholder=\"Skilabo\u00f0\"><\/textarea>\t\t\t\t<\/div>\n\t\t\t\t\t\t\t\t<div class=\"elementor-field-group elementor-column elementor-field-type-submit elementor-col-100 e-form__buttons\">\n\t\t\t\t\t<button class=\"elementor-button elementor-size-xs\" type=\"submit\">\n\t\t\t\t\t\t<span class=\"elementor-button-content-wrapper\">\n\t\t\t\t\t\t\t\t\t\t\t\t\t\t\t\t\t\t\t\t\t\t<span class=\"elementor-button-text\">Senda skilabo\u00f0<\/span>\n\t\t\t\t\t\t\t\t\t\t\t\t\t<\/span>\n\t\t\t\t\t<\/button>\n\t\t\t\t<\/div>\n\t\t\t<\/div>\n\t\t<\/form>\n\t\t\t\t\t\t<\/div>\n\t\t\t\t<\/div>\n\t\t\t\t\t<\/div>\n\t\t<\/div>\n\t\t\t\t\t<\/div>\n\t\t<\/section>\n\t\t\t\t\t<\/div>\n\t\t<\/div>\n\t\t\t\t\t<\/div>\n\t\t<\/section>\n\t\t\t\t<\/div>\n\t\t","protected":false},"excerpt":{"rendered":"<p>Hafa Samband Vinsamlegast hafi\u00f0 samband ef \u00fei\u00f0 vilji\u00f0 leigja m\u00f6gnu\u00f0u kokkana okkar e\u00f0a ef \u00fei\u00f0 hafi\u00f0 einhverjar \u00e1bendingar e\u00f0a spurningar var\u00f0andi b\u00f3kanir og sl\u00edkt. Endilega l\u00e1ti\u00f0 okkur vita ef um \u00f3\u00feol\/ofn\u00e6mi er a\u00f0 r\u00e6\u00f0a e\u00f0a s\u00e9rstakt matarr\u00e6\u00f0i. S\u00edmi: +354 787 32 13 Email: gaedamatur@gmail.com Facebook Instagram Austurvegur 35, 800 Selfoss<\/p>","protected":false},"author":2,"featured_media":0,"parent":0,"menu_order":0,"comment_status":"closed","ping_status":"closed","template":"","meta":{"site-sidebar-layout":"no-sidebar","site-content-layout":"page-builder","ast-site-content-layout":"default","site-content-style":"default","site-sidebar-style":"default","ast-global-header-display":"","ast-banner-title-visibility":"","ast-main-header-display":"","ast-hfb-above-header-display":"","ast-hfb-below-header-display":"","ast-hfb-mobile-header-display":"","site-post-title":"disabled","ast-breadcrumbs-content":"","ast-featured-img":"disabled","footer-sml-layout":"","theme-transparent-header-meta":"default","adv-header-id-meta":"","stick-header-meta":"","header-above-stick-meta":"","header-main-stick-meta":"","header-below-stick-meta":"","astra-migrate-meta-layouts":"default","ast-page-background-enabled":"default","ast-page-background-meta":{"desktop":{"background-color":"var(--ast-global-color-4)","background-image":"","background-repeat":"repeat","background-position":"center center","background-size":"auto","background-attachment":"scroll","background-type":"","background-media":"","overlay-type":"","overlay-color":"","overlay-opacity":"","overlay-gradient":""},"tablet":{"background-color":"","background-image":"","background-repeat":"repeat","background-position":"center center","background-size":"auto","background-attachment":"scroll","background-type":"","background-media":"","overlay-type":"","overlay-color":"","overlay-opacity":"","overlay-gradient":""},"mobile":{"background-color":"","background-image":"","background-repeat":"repeat","background-position":"center center","background-size":"auto","background-attachment":"scroll","background-type":"","background-media":"","overlay-type":"","overlay-color":"","overlay-opacity":"","overlay-gradient":""}},"ast-content-background-meta":{"desktop":{"background-color":"var(--ast-global-color-5)","background-image":"","background-repeat":"repeat","background-position":"center center","background-size":"auto","background-attachment":"scroll","background-type":"","background-media":"","overlay-type":"","overlay-color":"","overlay-opacity":"","overlay-gradient":""},"tablet":{"background-color":"var(--ast-global-color-5)","background-image":"","background-repeat":"repeat","background-position":"center center","background-size":"auto","background-attachment":"scroll","background-type":"","background-media":"","overlay-type":"","overlay-color":"","overlay-opacity":"","overlay-gradient":""},"mobile":{"background-color":"var(--ast-global-color-5)","background-image":"","background-repeat":"repeat","background-position":"center center","background-size":"auto","background-attachment":"scroll","background-type":"","background-media":"","overlay-type":"","overlay-color":"","overlay-opacity":"","overlay-gradient":""}},"footnotes":""},"class_list":["post-105","page","type-page","status-publish","hentry"],"yoast_head":"<!-- This site is optimized with the Yoast SEO plugin v26.1.1 - https:\/\/yoast.com\/wordpress\/plugins\/seo\/ -->\n<title>Hafa Samband | G\u00e6\u00f0a Matur<\/title>\n<meta name=\"robots\" content=\"index, follow, max-snippet:-1, max-image-preview:large, max-video-preview:-1\" \/>\n<link rel=\"canonical\" href=\"https:\/\/gaedamatur.is\/en\/hafa-samband\/\" \/>\n<meta property=\"og:locale\" content=\"en_US\" \/>\n<meta property=\"og:type\" content=\"article\" \/>\n<meta property=\"og:title\" content=\"Hafa Samband | G\u00e6\u00f0a Matur\" \/>\n<meta property=\"og:description\" content=\"Hafa Samband Vinsamlegast hafi\u00f0 samband ef \u00fei\u00f0 vilji\u00f0 leigja m\u00f6gnu\u00f0u kokkana okkar e\u00f0a ef \u00fei\u00f0 hafi\u00f0 einhverjar \u00e1bendingar e\u00f0a spurningar var\u00f0andi b\u00f3kanir og sl\u00edkt. Endilega l\u00e1ti\u00f0 okkur vita ef um \u00f3\u00feol\/ofn\u00e6mi er a\u00f0 r\u00e6\u00f0a e\u00f0a s\u00e9rstakt matarr\u00e6\u00f0i. S\u00edmi: +354 787 32 13 Email: gaedamatur@gmail.com Facebook Instagram Austurvegur 35, 800 Selfoss\" \/>\n<meta property=\"og:url\" content=\"https:\/\/gaedamatur.is\/en\/hafa-samband\/\" \/>\n<meta property=\"og:site_name\" content=\"G\u00e6\u00f0a Matur\" \/>\n<meta property=\"article:publisher\" content=\"https:\/\/www.facebook.com\/lillyandjulias\" \/>\n<meta property=\"article:modified_time\" content=\"2025-12-18T02:42:18+00:00\" \/>\n<meta property=\"og:image\" content=\"https:\/\/gaedamatur.is\/wp-content\/uploads\/2022\/10\/ostakaka.jpg\" \/>\n\t<meta property=\"og:image:width\" content=\"800\" \/>\n\t<meta property=\"og:image:height\" content=\"600\" \/>\n\t<meta property=\"og:image:type\" content=\"image\/jpeg\" \/>\n<meta name=\"twitter:card\" content=\"summary_large_image\" \/>\n<meta name=\"twitter:label1\" content=\"Est. reading time\" \/>\n\t<meta name=\"twitter:data1\" content=\"1 minute\" \/>\n<script type=\"application\/ld+json\" class=\"yoast-schema-graph\">{\"@context\":\"https:\/\/schema.org\",\"@graph\":[{\"@type\":\"WebPage\",\"@id\":\"https:\/\/gaedamatur.is\/hafa-samband\/\",\"url\":\"https:\/\/gaedamatur.is\/hafa-samband\/\",\"name\":\"Hafa Samband | G\u00e6\u00f0a Matur\",\"isPartOf\":{\"@id\":\"https:\/\/gaedamatur.is\/#website\"},\"primaryImageOfPage\":{\"@id\":\"https:\/\/gaedamatur.is\/hafa-samband\/#primaryimage\"},\"image\":{\"@id\":\"https:\/\/gaedamatur.is\/hafa-samband\/#primaryimage\"},\"thumbnailUrl\":\"https:\/\/gaedamatur.is\/wp-content\/uploads\/2022\/10\/ostakaka-768x576.jpg\",\"datePublished\":\"2022-10-04T14:04:09+00:00\",\"dateModified\":\"2025-12-18T02:42:18+00:00\",\"breadcrumb\":{\"@id\":\"https:\/\/gaedamatur.is\/hafa-samband\/#breadcrumb\"},\"inLanguage\":\"en-US\",\"potentialAction\":[{\"@type\":\"ReadAction\",\"target\":[\"https:\/\/gaedamatur.is\/hafa-samband\/\"]}]},{\"@type\":\"ImageObject\",\"inLanguage\":\"en-US\",\"@id\":\"https:\/\/gaedamatur.is\/hafa-samband\/#primaryimage\",\"url\":\"https:\/\/gaedamatur.is\/wp-content\/uploads\/2022\/10\/ostakaka-768x576.jpg\",\"contentUrl\":\"https:\/\/gaedamatur.is\/wp-content\/uploads\/2022\/10\/ostakaka-768x576.jpg\"},{\"@type\":\"BreadcrumbList\",\"@id\":\"https:\/\/gaedamatur.is\/hafa-samband\/#breadcrumb\",\"itemListElement\":[{\"@type\":\"ListItem\",\"position\":1,\"name\":\"Home\",\"item\":\"https:\/\/gaedamatur.is\/\"},{\"@type\":\"ListItem\",\"position\":2,\"name\":\"Hafa Samband\"}]},{\"@type\":\"WebSite\",\"@id\":\"https:\/\/gaedamatur.is\/#website\",\"url\":\"https:\/\/gaedamatur.is\/\",\"name\":\"G\u00e6\u00f0a Matur\",\"description\":\"H\u00e1g\u00e6\u00f0a Veislu\u00fej\u00f3nusta \u00e1 Selfossi\",\"publisher\":{\"@id\":\"https:\/\/gaedamatur.is\/#organization\"},\"potentialAction\":[{\"@type\":\"SearchAction\",\"target\":{\"@type\":\"EntryPoint\",\"urlTemplate\":\"https:\/\/gaedamatur.is\/?s={search_term_string}\"},\"query-input\":{\"@type\":\"PropertyValueSpecification\",\"valueRequired\":true,\"valueName\":\"search_term_string\"}}],\"inLanguage\":\"en-US\"},{\"@type\":\"Organization\",\"@id\":\"https:\/\/gaedamatur.is\/#organization\",\"name\":\"G\u00e6\u00f0a Matur\",\"alternateName\":\"Lilly&Julia's Kitchen\",\"url\":\"https:\/\/gaedamatur.is\/\",\"logo\":{\"@type\":\"ImageObject\",\"inLanguage\":\"en-US\",\"@id\":\"https:\/\/gaedamatur.is\/#\/schema\/logo\/image\/\",\"url\":\"https:\/\/gaedamatur.is\/wp-content\/uploads\/2025\/05\/Lilly-and-Julias-Kitchen-logo-scaled.png\",\"contentUrl\":\"https:\/\/gaedamatur.is\/wp-content\/uploads\/2025\/05\/Lilly-and-Julias-Kitchen-logo-scaled.png\",\"width\":2560,\"height\":2560,\"caption\":\"G\u00e6\u00f0a Matur\"},\"image\":{\"@id\":\"https:\/\/gaedamatur.is\/#\/schema\/logo\/image\/\"},\"sameAs\":[\"https:\/\/www.facebook.com\/lillyandjulias\",\"https:\/\/www.instagram.com\/lillyandjulias\"]}]}<\/script>\n<!-- \/ Yoast SEO plugin. -->","yoast_head_json":{"title":"Hafa Samband | G\u00e6\u00f0a Matur","robots":{"index":"index","follow":"follow","max-snippet":"max-snippet:-1","max-image-preview":"max-image-preview:large","max-video-preview":"max-video-preview:-1"},"canonical":"https:\/\/gaedamatur.is\/en\/hafa-samband\/","og_locale":"en_US","og_type":"article","og_title":"Hafa Samband | G\u00e6\u00f0a Matur","og_description":"Hafa Samband Vinsamlegast hafi\u00f0 samband ef \u00fei\u00f0 vilji\u00f0 leigja m\u00f6gnu\u00f0u kokkana okkar e\u00f0a ef \u00fei\u00f0 hafi\u00f0 einhverjar \u00e1bendingar e\u00f0a spurningar var\u00f0andi b\u00f3kanir og sl\u00edkt. Endilega l\u00e1ti\u00f0 okkur vita ef um \u00f3\u00feol\/ofn\u00e6mi er a\u00f0 r\u00e6\u00f0a e\u00f0a s\u00e9rstakt matarr\u00e6\u00f0i. S\u00edmi: +354 787 32 13 Email: gaedamatur@gmail.com Facebook Instagram Austurvegur 35, 800 Selfoss","og_url":"https:\/\/gaedamatur.is\/en\/hafa-samband\/","og_site_name":"G\u00e6\u00f0a Matur","article_publisher":"https:\/\/www.facebook.com\/lillyandjulias","article_modified_time":"2025-12-18T02:42:18+00:00","og_image":[{"width":800,"height":600,"url":"https:\/\/gaedamatur.is\/wp-content\/uploads\/2022\/10\/ostakaka.jpg","type":"image\/jpeg"}],"twitter_card":"summary_large_image","twitter_misc":{"Est. reading time":"1 minute"},"schema":{"@context":"https:\/\/schema.org","@graph":[{"@type":"WebPage","@id":"https:\/\/gaedamatur.is\/hafa-samband\/","url":"https:\/\/gaedamatur.is\/hafa-samband\/","name":"Hafa Samband | G\u00e6\u00f0a Matur","isPartOf":{"@id":"https:\/\/gaedamatur.is\/#website"},"primaryImageOfPage":{"@id":"https:\/\/gaedamatur.is\/hafa-samband\/#primaryimage"},"image":{"@id":"https:\/\/gaedamatur.is\/hafa-samband\/#primaryimage"},"thumbnailUrl":"https:\/\/gaedamatur.is\/wp-content\/uploads\/2022\/10\/ostakaka-768x576.jpg","datePublished":"2022-10-04T14:04:09+00:00","dateModified":"2025-12-18T02:42:18+00:00","breadcrumb":{"@id":"https:\/\/gaedamatur.is\/hafa-samband\/#breadcrumb"},"inLanguage":"en-US","potentialAction":[{"@type":"ReadAction","target":["https:\/\/gaedamatur.is\/hafa-samband\/"]}]},{"@type":"ImageObject","inLanguage":"en-US","@id":"https:\/\/gaedamatur.is\/hafa-samband\/#primaryimage","url":"https:\/\/gaedamatur.is\/wp-content\/uploads\/2022\/10\/ostakaka-768x576.jpg","contentUrl":"https:\/\/gaedamatur.is\/wp-content\/uploads\/2022\/10\/ostakaka-768x576.jpg"},{"@type":"BreadcrumbList","@id":"https:\/\/gaedamatur.is\/hafa-samband\/#breadcrumb","itemListElement":[{"@type":"ListItem","position":1,"name":"Home","item":"https:\/\/gaedamatur.is\/"},{"@type":"ListItem","position":2,"name":"Hafa Samband"}]},{"@type":"WebSite","@id":"https:\/\/gaedamatur.is\/#website","url":"https:\/\/gaedamatur.is\/","name":"G\u00e6\u00f0a Matur","description":"H\u00e1g\u00e6\u00f0a Veislu\u00fej\u00f3nusta \u00e1 Selfossi","publisher":{"@id":"https:\/\/gaedamatur.is\/#organization"},"potentialAction":[{"@type":"SearchAction","target":{"@type":"EntryPoint","urlTemplate":"https:\/\/gaedamatur.is\/?s={search_term_string}"},"query-input":{"@type":"PropertyValueSpecification","valueRequired":true,"valueName":"search_term_string"}}],"inLanguage":"en-US"},{"@type":"Organization","@id":"https:\/\/gaedamatur.is\/#organization","name":"G\u00e6\u00f0a Matur","alternateName":"Lilly&Julia's Kitchen","url":"https:\/\/gaedamatur.is\/","logo":{"@type":"ImageObject","inLanguage":"en-US","@id":"https:\/\/gaedamatur.is\/#\/schema\/logo\/image\/","url":"https:\/\/gaedamatur.is\/wp-content\/uploads\/2025\/05\/Lilly-and-Julias-Kitchen-logo-scaled.png","contentUrl":"https:\/\/gaedamatur.is\/wp-content\/uploads\/2025\/05\/Lilly-and-Julias-Kitchen-logo-scaled.png","width":2560,"height":2560,"caption":"G\u00e6\u00f0a Matur"},"image":{"@id":"https:\/\/gaedamatur.is\/#\/schema\/logo\/image\/"},"sameAs":["https:\/\/www.facebook.com\/lillyandjulias","https:\/\/www.instagram.com\/lillyandjulias"]}]}},"_links":{"self":[{"href":"https:\/\/gaedamatur.is\/en\/wp-json\/wp\/v2\/pages\/105","targetHints":{"allow":["GET"]}}],"collection":[{"href":"https:\/\/gaedamatur.is\/en\/wp-json\/wp\/v2\/pages"}],"about":[{"href":"https:\/\/gaedamatur.is\/en\/wp-json\/wp\/v2\/types\/page"}],"author":[{"embeddable":true,"href":"https:\/\/gaedamatur.is\/en\/wp-json\/wp\/v2\/users\/2"}],"replies":[{"embeddable":true,"href":"https:\/\/gaedamatur.is\/en\/wp-json\/wp\/v2\/comments?post=105"}],"version-history":[{"count":18,"href":"https:\/\/gaedamatur.is\/en\/wp-json\/wp\/v2\/pages\/105\/revisions"}],"predecessor-version":[{"id":2705,"href":"https:\/\/gaedamatur.is\/en\/wp-json\/wp\/v2\/pages\/105\/revisions\/2705"}],"wp:attachment":[{"href":"https:\/\/gaedamatur.is\/en\/wp-json\/wp\/v2\/media?parent=105"}],"curies":[{"name":"wp","href":"https:\/\/api.w.org\/{rel}","templated":true}]}}