{"id":1085,"date":"2023-05-26T14:21:35","date_gmt":"2023-05-26T14:21:35","guid":{"rendered":"https:\/\/gaedamatur.is\/?page_id=1085"},"modified":"2026-04-16T18:56:07","modified_gmt":"2026-04-16T18:56:07","slug":"fire-and-rice","status":"publish","type":"page","link":"https:\/\/gaedamatur.is\/en\/fire-and-rice\/","title":{"rendered":"Lilly&amp;Julia&#8217;s &#8211; Fire &amp; Rice"},"content":{"rendered":"<div data-elementor-type=\"wp-page\" data-elementor-id=\"1085\" class=\"elementor elementor-1085\" data-elementor-post-type=\"page\">\n\t\t\t\t\t\t<section class=\"elementor-section elementor-top-section elementor-element elementor-element-0af2adc elementor-section-boxed elementor-section-height-default elementor-section-height-default\" data-id=\"0af2adc\" data-element_type=\"section\" data-e-type=\"section\">\n\t\t\t\t\t\t<div class=\"elementor-container elementor-column-gap-default\">\n\t\t\t\t\t<div class=\"elementor-column elementor-col-100 elementor-top-column elementor-element elementor-element-6c031f8\" data-id=\"6c031f8\" data-element_type=\"column\" data-e-type=\"column\">\n\t\t\t<div class=\"elementor-widget-wrap elementor-element-populated\">\n\t\t\t\t\t\t<div class=\"elementor-element elementor-element-7c0487e elementor-widget-divider--view-line elementor-widget elementor-widget-divider\" data-id=\"7c0487e\" data-element_type=\"widget\" data-e-type=\"widget\" data-widget_type=\"divider.default\">\n\t\t\t\t<div class=\"elementor-widget-container\">\n\t\t\t\t\t\t\t<div class=\"elementor-divider\">\n\t\t\t<span class=\"elementor-divider-separator\">\n\t\t\t\t\t\t<\/span>\n\t\t<\/div>\n\t\t\t\t\t\t<\/div>\n\t\t\t\t<\/div>\n\t\t\t\t<div class=\"elementor-element elementor-element-8dadfa1 elementor-widget elementor-widget-spacer\" data-id=\"8dadfa1\" data-element_type=\"widget\" data-e-type=\"widget\" data-widget_type=\"spacer.default\">\n\t\t\t\t<div class=\"elementor-widget-container\">\n\t\t\t\t\t\t\t<div class=\"elementor-spacer\">\n\t\t\t<div class=\"elementor-spacer-inner\"><\/div>\n\t\t<\/div>\n\t\t\t\t\t\t<\/div>\n\t\t\t\t<\/div>\n\t\t\t\t<div class=\"elementor-element elementor-element-97cb56b elementor-widget elementor-widget-image\" data-id=\"97cb56b\" data-element_type=\"widget\" data-e-type=\"widget\" data-widget_type=\"image.default\">\n\t\t\t\t<div class=\"elementor-widget-container\">\n\t\t\t\t\t\t\t\t\t\t\t\t\t\t\t<img decoding=\"async\" width=\"150\" height=\"150\" src=\"https:\/\/gaedamatur.is\/wp-content\/uploads\/2026\/02\/Lilly-and-Julias-Fire-and-Rice-logo-150x150.png\" class=\"attachment-thumbnail size-thumbnail wp-image-2807\" alt=\"\" srcset=\"https:\/\/gaedamatur.is\/wp-content\/uploads\/2026\/02\/Lilly-and-Julias-Fire-and-Rice-logo-150x150.png 150w, https:\/\/gaedamatur.is\/wp-content\/uploads\/2026\/02\/Lilly-and-Julias-Fire-and-Rice-logo-300x300.png 300w, https:\/\/gaedamatur.is\/wp-content\/uploads\/2026\/02\/Lilly-and-Julias-Fire-and-Rice-logo-1024x1024.png 1024w, https:\/\/gaedamatur.is\/wp-content\/uploads\/2026\/02\/Lilly-and-Julias-Fire-and-Rice-logo-768x768.png 768w, https:\/\/gaedamatur.is\/wp-content\/uploads\/2026\/02\/Lilly-and-Julias-Fire-and-Rice-logo-1536x1536.png 1536w, https:\/\/gaedamatur.is\/wp-content\/uploads\/2026\/02\/Lilly-and-Julias-Fire-and-Rice-logo-2048x2048.png 2048w, https:\/\/gaedamatur.is\/wp-content\/uploads\/2026\/02\/Lilly-and-Julias-Fire-and-Rice-logo-12x12.png 12w\" sizes=\"(max-width: 150px) 100vw, 150px\" \/>\t\t\t\t\t\t\t\t\t\t\t\t\t\t\t<\/div>\n\t\t\t\t<\/div>\n\t\t\t\t<div class=\"elementor-element elementor-element-d0c8402 elementor-widget elementor-widget-image\" data-id=\"d0c8402\" data-element_type=\"widget\" data-e-type=\"widget\" data-widget_type=\"image.default\">\n\t\t\t\t<div class=\"elementor-widget-container\">\n\t\t\t\t\t\t\t\t\t\t\t\t\t\t\t<img fetchpriority=\"high\" decoding=\"async\" width=\"300\" height=\"251\" src=\"https:\/\/gaedamatur.is\/wp-content\/uploads\/2026\/01\/alla-fostudaga-bjodum-vid-ykkur-a-kokteilakvold-thar-sem-allir-kokteilar-eru-a-20-afslaetti-allt-kvoldid-Skal-300x251.png\" class=\"attachment-medium size-medium wp-image-2763\" alt=\"\" srcset=\"https:\/\/gaedamatur.is\/wp-content\/uploads\/2026\/01\/alla-fostudaga-bjodum-vid-ykkur-a-kokteilakvold-thar-sem-allir-kokteilar-eru-a-20-afslaetti-allt-kvoldid-Skal-300x251.png 300w, https:\/\/gaedamatur.is\/wp-content\/uploads\/2026\/01\/alla-fostudaga-bjodum-vid-ykkur-a-kokteilakvold-thar-sem-allir-kokteilar-eru-a-20-afslaetti-allt-kvoldid-Skal-768x644.png 768w, https:\/\/gaedamatur.is\/wp-content\/uploads\/2026\/01\/alla-fostudaga-bjodum-vid-ykkur-a-kokteilakvold-thar-sem-allir-kokteilar-eru-a-20-afslaetti-allt-kvoldid-Skal-14x12.png 14w, https:\/\/gaedamatur.is\/wp-content\/uploads\/2026\/01\/alla-fostudaga-bjodum-vid-ykkur-a-kokteilakvold-thar-sem-allir-kokteilar-eru-a-20-afslaetti-allt-kvoldid-Skal.png 940w\" sizes=\"(max-width: 300px) 100vw, 300px\" \/>\t\t\t\t\t\t\t\t\t\t\t\t\t\t\t<\/div>\n\t\t\t\t<\/div>\n\t\t\t\t<div class=\"elementor-element elementor-element-ea8671f elementor-widget elementor-widget-text-editor\" data-id=\"ea8671f\" data-element_type=\"widget\" data-e-type=\"widget\" data-widget_type=\"text-editor.default\">\n\t\t\t\t<div class=\"elementor-widget-container\">\n\t\t\t\t\t\t\t\t\t<h2><strong>Fire &amp; Rice &#8211; Grillveitingasta\u00f0ur \u00e1 Selfossi<\/strong><\/h2><h2><em>Kv\u00f6ldgrill hj\u00e1 Lilly&amp;Juli<\/em>a<\/h2><p data-start=\"226\" data-end=\"358\">Fire &amp; Rice er kv\u00f6ldgrill veitingasta\u00f0ur \u00ed Selfossi.<br data-start=\"278\" data-end=\"281\" \/>Vi\u00f0 s\u00e9rh\u00e6fum okkur \u00ed grillu\u00f0um steikum og einf\u00f6ldum r\u00e9ttum eldu\u00f0um yfir eldi.<\/p><p data-start=\"360\" data-end=\"554\">\u00c1 hverju kv\u00f6ldi grillum vi\u00f0 steikur og bj\u00f3\u00f0um upp \u00e1 vandlega valinn mat sem passar vel me\u00f0 v\u00edni og g\u00f3\u00f0u samtali. H\u00e9r er l\u00f6g\u00f0 \u00e1hersla \u00e1 r\u00f3legt andr\u00famsloft, g\u00f3\u00f0 hr\u00e1efni og mat sem talar s\u00ednu m\u00e1li.<\/p><p data-start=\"556\" data-end=\"631\">Fire &amp; Rice er sta\u00f0ur fyrir kv\u00f6ldmat, vinah\u00f3pa og afslappa\u00f0ar kv\u00f6ldstundir.<\/p><h2><strong>\u00a0<\/strong><\/h2><h1 data-start=\"205\" data-end=\"223\"><strong>Fire &amp; Rice &#8211; Grill Restaurant in Selfoss<\/strong><\/h1><h2 data-start=\"205\" data-end=\"223\"><em data-start=\"1615\" data-end=\"1647\">Evening grill at Lilly&amp;Julia\u2019s<\/em><\/h2><p data-start=\"205\" data-end=\"223\"><strong data-start=\"225\" data-end=\"240\">\u00a0<\/strong><span style=\"font-size: 16px;\">Fire &amp; Rice is an evening grill restaurant in Selfoss, focused on grilled steaks and simple food cooked over fire.<\/span><\/p><p data-start=\"293\" data-end=\"531\">Every night we grill steaks and serve a small, well-considered menu designed to pair naturally with wine and relaxed evenings. The atmosphere is calm and unpretentious, with an emphasis on good ingredients and food that speaks for itself.<\/p><p data-start=\"533\" data-end=\"604\">Fire &amp; Rice is a place for dinner, good company and unhurried evenings.<\/p><h5>\u00a0<\/h5><div>\u00a0<\/div><div><h4>Vi\u00f0 erum t\u00edmabundi\u00f0 loku\u00f0 \u00fear sem vi\u00f0 erum a\u00f0 flytja \u00e1 n\u00fdjan, fallegan sta\u00f0.<br \/><br \/>We are temporarily closed as we are moving to our new, beautiful location.<\/h4><\/div>\t\t\t\t\t\t\t\t<\/div>\n\t\t\t\t<\/div>\n\t\t\t\t\t<\/div>\n\t\t<\/div>\n\t\t\t\t\t<\/div>\n\t\t<\/section>\n\t\t\t\t<section class=\"elementor-section elementor-top-section elementor-element elementor-element-e7230cb elementor-section-boxed elementor-section-height-default elementor-section-height-default\" data-id=\"e7230cb\" data-element_type=\"section\" data-e-type=\"section\">\n\t\t\t\t\t\t<div class=\"elementor-container elementor-column-gap-default\">\n\t\t\t\t\t<div class=\"elementor-column elementor-col-100 elementor-top-column elementor-element elementor-element-1cbd701\" data-id=\"1cbd701\" data-element_type=\"column\" data-e-type=\"column\">\n\t\t\t<div class=\"elementor-widget-wrap\">\n\t\t\t\t\t\t\t<\/div>\n\t\t<\/div>\n\t\t\t\t\t<\/div>\n\t\t<\/section>\n\t\t\t\t<section class=\"elementor-section elementor-top-section elementor-element elementor-element-852e309 elementor-section-boxed elementor-section-height-default elementor-section-height-default\" data-id=\"852e309\" data-element_type=\"section\" data-e-type=\"section\">\n\t\t\t\t\t\t<div class=\"elementor-container elementor-column-gap-default\">\n\t\t\t\t\t<div class=\"elementor-column elementor-col-100 elementor-top-column elementor-element elementor-element-8748e85\" data-id=\"8748e85\" data-element_type=\"column\" data-e-type=\"column\">\n\t\t\t<div class=\"elementor-widget-wrap elementor-element-populated\">\n\t\t\t\t\t\t<div class=\"elementor-element elementor-element-1728710 elementor-widget elementor-widget-google_maps\" data-id=\"1728710\" data-element_type=\"widget\" data-e-type=\"widget\" data-widget_type=\"google_maps.default\">\n\t\t\t\t<div class=\"elementor-widget-container\">\n\t\t\t\t\t\t\t<div class=\"elementor-custom-embed\">\n\t\t\t<iframe loading=\"lazy\"\n\t\t\t\t\tsrc=\"https:\/\/maps.google.com\/maps?q=Lilly%26Julia%27s%20Kitchen&#038;t=m&#038;z=15&#038;output=embed&#038;iwloc=near\"\n\t\t\t\t\ttitle=\"Lilly&amp;Julia&#039;s Kitchen\"\n\t\t\t\t\taria-label=\"Lilly&amp;Julia&#039;s Kitchen\"\n\t\t\t><\/iframe>\n\t\t<\/div>\n\t\t\t\t\t\t<\/div>\n\t\t\t\t<\/div>\n\t\t\t\t\t<\/div>\n\t\t<\/div>\n\t\t\t\t\t<\/div>\n\t\t<\/section>\n\t\t\t\t<section class=\"elementor-section elementor-top-section elementor-element elementor-element-f97b39a elementor-section-boxed elementor-section-height-default elementor-section-height-default\" data-id=\"f97b39a\" data-element_type=\"section\" data-e-type=\"section\">\n\t\t\t\t\t\t<div class=\"elementor-container elementor-column-gap-default\">\n\t\t\t\t\t<div class=\"elementor-column elementor-col-100 elementor-top-column elementor-element elementor-element-2903cf8\" data-id=\"2903cf8\" data-element_type=\"column\" data-e-type=\"column\">\n\t\t\t<div class=\"elementor-widget-wrap elementor-element-populated\">\n\t\t\t\t\t\t<div class=\"elementor-element elementor-element-071eaba elementor-shape-rounded elementor-grid-0 e-grid-align-center elementor-widget elementor-widget-social-icons\" data-id=\"071eaba\" data-element_type=\"widget\" data-e-type=\"widget\" data-widget_type=\"social-icons.default\">\n\t\t\t\t<div class=\"elementor-widget-container\">\n\t\t\t\t\t\t\t<div class=\"elementor-social-icons-wrapper elementor-grid\" role=\"list\">\n\t\t\t\t\t\t\t<span class=\"elementor-grid-item\" role=\"listitem\">\n\t\t\t\t\t<a class=\"elementor-icon elementor-social-icon elementor-social-icon-facebook elementor-repeater-item-f67cfe7\" href=\"https:\/\/www.facebook.com\/lillyandjulias\/\" target=\"_blank\">\n\t\t\t\t\t\t<span class=\"elementor-screen-only\">Facebook<\/span>\n\t\t\t\t\t\t<i aria-hidden=\"true\" class=\"fab fa-facebook\"><\/i>\t\t\t\t\t<\/a>\n\t\t\t\t<\/span>\n\t\t\t\t\t\t\t<span class=\"elementor-grid-item\" role=\"listitem\">\n\t\t\t\t\t<a class=\"elementor-icon elementor-social-icon elementor-social-icon-instagram elementor-repeater-item-fab10d4\" href=\"https:\/\/www.instagram.com\/lillyandjulias\/\" target=\"_blank\">\n\t\t\t\t\t\t<span class=\"elementor-screen-only\">Instagram<\/span>\n\t\t\t\t\t\t<i aria-hidden=\"true\" class=\"fab fa-instagram\"><\/i>\t\t\t\t\t<\/a>\n\t\t\t\t<\/span>\n\t\t\t\t\t\t\t<span class=\"elementor-grid-item\" role=\"listitem\">\n\t\t\t\t\t<a class=\"elementor-icon elementor-social-icon elementor-social-icon-google elementor-repeater-item-75282a4\" href=\"https:\/\/www.google.com\/search?q=lilly%26julia%27s&#038;sxsrf=AB5stBgdiQcLuLW_VgVsunvSJA_mIl-eOg%3A1690643188431&#038;ei=9CrFZML0GdCI9u8P4s2oiAM&#038;oq=&#038;gs_lp=Egxnd3Mtd2l6LXNlcnAiACoCCAAyBxAjGOoCGCcyBxAjGOoCGCcyBxAjGOoCGCcyBxAjGOoCGCcyBxAjGOoCGCcyBxAjGOoCGCcyBxAjGOoCGCcyBxAjGOoCGCcyBxAjGOoCGCcyBxAjGOoCGCdIzw5QAFgAcAF4AJABAJgBAKABAKoBALgBAcgBAPgBAagCCuIDBBgAIEGIBgE&#038;sclient=gws-wiz-serp\" target=\"_blank\">\n\t\t\t\t\t\t<span class=\"elementor-screen-only\">Google<\/span>\n\t\t\t\t\t\t<i aria-hidden=\"true\" class=\"fab fa-google\"><\/i>\t\t\t\t\t<\/a>\n\t\t\t\t<\/span>\n\t\t\t\t\t<\/div>\n\t\t\t\t\t\t<\/div>\n\t\t\t\t<\/div>\n\t\t\t\t<div class=\"elementor-element elementor-element-b258625 elementor-widget elementor-widget-text-editor\" data-id=\"b258625\" data-element_type=\"widget\" data-e-type=\"widget\" data-widget_type=\"text-editor.default\">\n\t\t\t\t<div class=\"elementor-widget-container\">\n\t\t\t\t\t\t\t\t\t<h5><u>Contact:<\/u><br \/>Email: lillyandjulias@gmail.com<\/h5><h3>\u00a0<\/h3>\t\t\t\t\t\t\t\t<\/div>\n\t\t\t\t<\/div>\n\t\t\t\t\t<\/div>\n\t\t<\/div>\n\t\t\t\t\t<\/div>\n\t\t<\/section>\n\t\t\t\t<\/div>","protected":false},"excerpt":{"rendered":"<p>Fire &amp; Rice &#8211; Grillveitingasta\u00f0ur \u00e1 Selfossi Kv\u00f6ldgrill hj\u00e1 Lilly&amp;Julia Fire &amp; Rice er kv\u00f6ldgrill veitingasta\u00f0ur \u00ed Selfossi.Vi\u00f0 s\u00e9rh\u00e6fum okkur \u00ed grillu\u00f0um steikum og einf\u00f6ldum r\u00e9ttum eldu\u00f0um yfir eldi. \u00c1 hverju kv\u00f6ldi grillum vi\u00f0 steikur og bj\u00f3\u00f0um upp \u00e1 vandlega valinn mat sem passar vel me\u00f0 v\u00edni og g\u00f3\u00f0u samtali. H\u00e9r er l\u00f6g\u00f0 \u00e1hersla \u00e1 [&hellip;]<\/p>\n","protected":false},"author":2,"featured_media":0,"parent":0,"menu_order":0,"comment_status":"closed","ping_status":"closed","template":"","meta":{"site-sidebar-layout":"default","site-content-layout":"default","ast-site-content-layout":"default","site-content-style":"default","site-sidebar-style":"default","ast-global-header-display":"","ast-banner-title-visibility":"","ast-main-header-display":"","ast-hfb-above-header-display":"","ast-hfb-below-header-display":"","ast-hfb-mobile-header-display":"","site-post-title":"disabled","ast-breadcrumbs-content":"","ast-featured-img":"","footer-sml-layout":"","theme-transparent-header-meta":"default","adv-header-id-meta":"","stick-header-meta":"","header-above-stick-meta":"","header-main-stick-meta":"","header-below-stick-meta":"","astra-migrate-meta-layouts":"set","ast-page-background-enabled":"default","ast-page-background-meta":{"desktop":{"background-color":"var(--ast-global-color-4)","background-image":"","background-repeat":"repeat","background-position":"center center","background-size":"auto","background-attachment":"scroll","background-type":"","background-media":"","overlay-type":"","overlay-color":"","overlay-opacity":"","overlay-gradient":""},"tablet":{"background-color":"","background-image":"","background-repeat":"repeat","background-position":"center center","background-size":"auto","background-attachment":"scroll","background-type":"","background-media":"","overlay-type":"","overlay-color":"","overlay-opacity":"","overlay-gradient":""},"mobile":{"background-color":"","background-image":"","background-repeat":"repeat","background-position":"center center","background-size":"auto","background-attachment":"scroll","background-type":"","background-media":"","overlay-type":"","overlay-color":"","overlay-opacity":"","overlay-gradient":""}},"ast-content-background-meta":{"desktop":{"background-color":"var(--ast-global-color-5)","background-image":"","background-repeat":"repeat","background-position":"center center","background-size":"auto","background-attachment":"scroll","background-type":"","background-media":"","overlay-type":"","overlay-color":"","overlay-opacity":"","overlay-gradient":""},"tablet":{"background-color":"var(--ast-global-color-5)","background-image":"","background-repeat":"repeat","background-position":"center center","background-size":"auto","background-attachment":"scroll","background-type":"","background-media":"","overlay-type":"","overlay-color":"","overlay-opacity":"","overlay-gradient":""},"mobile":{"background-color":"var(--ast-global-color-5)","background-image":"","background-repeat":"repeat","background-position":"center center","background-size":"auto","background-attachment":"scroll","background-type":"","background-media":"","overlay-type":"","overlay-color":"","overlay-opacity":"","overlay-gradient":""}},"footnotes":""},"class_list":["post-1085","page","type-page","status-publish","hentry"],"yoast_head":"<!-- This site is optimized with the Yoast SEO plugin v26.1.1 - https:\/\/yoast.com\/wordpress\/plugins\/seo\/ -->\n<title>Lilly&amp;Julia&#039;s - Fire &amp; Rice | G\u00e6\u00f0a Matur<\/title>\n<meta name=\"description\" content=\"Premium steaks, great sides, and a relaxed dining experience. Come for the flavor, stay for the atmosphere\u2014served daily.\" \/>\n<meta name=\"robots\" content=\"index, follow, max-snippet:-1, max-image-preview:large, max-video-preview:-1\" \/>\n<link rel=\"canonical\" href=\"https:\/\/gaedamatur.is\/en\/fire-and-rice\/\" \/>\n<meta property=\"og:locale\" content=\"en_US\" \/>\n<meta property=\"og:type\" content=\"article\" \/>\n<meta property=\"og:title\" content=\"Lilly&amp;Julia&#039;s Kitchen\" \/>\n<meta property=\"og:description\" content=\"Lilly &amp; Julia&#039;s Kitchen \u2013 Dine With The Locals\" \/>\n<meta property=\"og:url\" content=\"https:\/\/gaedamatur.is\/en\/fire-and-rice\/\" \/>\n<meta property=\"og:site_name\" content=\"G\u00e6\u00f0a Matur\" \/>\n<meta property=\"article:publisher\" content=\"https:\/\/www.facebook.com\/lillyandjulias\" \/>\n<meta property=\"article:modified_time\" content=\"2026-04-16T18:56:07+00:00\" \/>\n<meta property=\"og:image\" content=\"https:\/\/gaedamatur.is\/wp-content\/uploads\/2025\/05\/Lilly-and-Julias-Kitchen-logo-scaled.png\" \/>\n\t<meta property=\"og:image:width\" content=\"2560\" \/>\n\t<meta property=\"og:image:height\" content=\"2560\" \/>\n\t<meta property=\"og:image:type\" content=\"image\/png\" \/>\n<meta name=\"twitter:card\" content=\"summary_large_image\" \/>\n<meta name=\"twitter:title\" content=\"Lilly&amp;Julia&#039;s Kitchen\" \/>\n<meta name=\"twitter:description\" content=\"Lilly &amp; Julia&#039;s Kitchen \u2013 Dine With The Locals\" \/>\n<meta name=\"twitter:image\" content=\"https:\/\/gaedamatur.is\/wp-content\/uploads\/2025\/05\/Lilly-and-Julias-Kitchen-logo-scaled.png\" \/>\n<meta name=\"twitter:label1\" content=\"Est. reading time\" \/>\n\t<meta name=\"twitter:data1\" content=\"2 minutes\" \/>\n<script type=\"application\/ld+json\" class=\"yoast-schema-graph\">{\"@context\":\"https:\/\/schema.org\",\"@graph\":[{\"@type\":\"WebPage\",\"@id\":\"https:\/\/gaedamatur.is\/fire-and-rice\/\",\"url\":\"https:\/\/gaedamatur.is\/fire-and-rice\/\",\"name\":\"Lilly&amp;Julia's - Fire &amp; Rice | G\u00e6\u00f0a Matur\",\"isPartOf\":{\"@id\":\"https:\/\/gaedamatur.is\/#website\"},\"primaryImageOfPage\":{\"@id\":\"https:\/\/gaedamatur.is\/fire-and-rice\/#primaryimage\"},\"image\":{\"@id\":\"https:\/\/gaedamatur.is\/fire-and-rice\/#primaryimage\"},\"thumbnailUrl\":\"https:\/\/gaedamatur.is\/wp-content\/uploads\/2026\/02\/Lilly-and-Julias-Fire-and-Rice-logo-150x150.png\",\"datePublished\":\"2023-05-26T14:21:35+00:00\",\"dateModified\":\"2026-04-16T18:56:07+00:00\",\"description\":\"Premium steaks, great sides, and a relaxed dining experience. Come for the flavor, stay for the atmosphere\u2014served daily.\",\"breadcrumb\":{\"@id\":\"https:\/\/gaedamatur.is\/fire-and-rice\/#breadcrumb\"},\"inLanguage\":\"en-US\",\"potentialAction\":[{\"@type\":\"ReadAction\",\"target\":[\"https:\/\/gaedamatur.is\/fire-and-rice\/\"]}]},{\"@type\":\"ImageObject\",\"inLanguage\":\"en-US\",\"@id\":\"https:\/\/gaedamatur.is\/fire-and-rice\/#primaryimage\",\"url\":\"https:\/\/gaedamatur.is\/wp-content\/uploads\/2026\/02\/Lilly-and-Julias-Fire-and-Rice-logo-150x150.png\",\"contentUrl\":\"https:\/\/gaedamatur.is\/wp-content\/uploads\/2026\/02\/Lilly-and-Julias-Fire-and-Rice-logo-150x150.png\"},{\"@type\":\"BreadcrumbList\",\"@id\":\"https:\/\/gaedamatur.is\/fire-and-rice\/#breadcrumb\",\"itemListElement\":[{\"@type\":\"ListItem\",\"position\":1,\"name\":\"Home\",\"item\":\"https:\/\/gaedamatur.is\/\"},{\"@type\":\"ListItem\",\"position\":2,\"name\":\"Lilly&amp;Julia&#8217;s &#8211; Fire &amp; Rice\"}]},{\"@type\":\"WebSite\",\"@id\":\"https:\/\/gaedamatur.is\/#website\",\"url\":\"https:\/\/gaedamatur.is\/\",\"name\":\"G\u00e6\u00f0a Matur\",\"description\":\"H\u00e1g\u00e6\u00f0a Veislu\u00fej\u00f3nusta \u00e1 Selfossi\",\"publisher\":{\"@id\":\"https:\/\/gaedamatur.is\/#organization\"},\"potentialAction\":[{\"@type\":\"SearchAction\",\"target\":{\"@type\":\"EntryPoint\",\"urlTemplate\":\"https:\/\/gaedamatur.is\/?s={search_term_string}\"},\"query-input\":{\"@type\":\"PropertyValueSpecification\",\"valueRequired\":true,\"valueName\":\"search_term_string\"}}],\"inLanguage\":\"en-US\"},{\"@type\":\"Organization\",\"@id\":\"https:\/\/gaedamatur.is\/#organization\",\"name\":\"G\u00e6\u00f0a Matur\",\"alternateName\":\"Lilly&Julia's Kitchen\",\"url\":\"https:\/\/gaedamatur.is\/\",\"logo\":{\"@type\":\"ImageObject\",\"inLanguage\":\"en-US\",\"@id\":\"https:\/\/gaedamatur.is\/#\/schema\/logo\/image\/\",\"url\":\"https:\/\/gaedamatur.is\/wp-content\/uploads\/2025\/05\/Lilly-and-Julias-Kitchen-logo-scaled.png\",\"contentUrl\":\"https:\/\/gaedamatur.is\/wp-content\/uploads\/2025\/05\/Lilly-and-Julias-Kitchen-logo-scaled.png\",\"width\":2560,\"height\":2560,\"caption\":\"G\u00e6\u00f0a Matur\"},\"image\":{\"@id\":\"https:\/\/gaedamatur.is\/#\/schema\/logo\/image\/\"},\"sameAs\":[\"https:\/\/www.facebook.com\/lillyandjulias\",\"https:\/\/www.instagram.com\/lillyandjulias\"]}]}<\/script>\n<!-- \/ Yoast SEO plugin. -->","yoast_head_json":{"title":"Lilly&amp;Julia's - Fire &amp; Rice | G\u00e6\u00f0a Matur","description":"Premium steaks, great sides, and a relaxed dining experience. Come for the flavor, stay for the atmosphere\u2014served daily.","robots":{"index":"index","follow":"follow","max-snippet":"max-snippet:-1","max-image-preview":"max-image-preview:large","max-video-preview":"max-video-preview:-1"},"canonical":"https:\/\/gaedamatur.is\/en\/fire-and-rice\/","og_locale":"en_US","og_type":"article","og_title":"Lilly&Julia's Kitchen","og_description":"Lilly & Julia's Kitchen \u2013 Dine With The Locals","og_url":"https:\/\/gaedamatur.is\/en\/fire-and-rice\/","og_site_name":"G\u00e6\u00f0a Matur","article_publisher":"https:\/\/www.facebook.com\/lillyandjulias","article_modified_time":"2026-04-16T18:56:07+00:00","og_image":[{"width":2560,"height":2560,"url":"https:\/\/gaedamatur.is\/wp-content\/uploads\/2025\/05\/Lilly-and-Julias-Kitchen-logo-scaled.png","type":"image\/png"}],"twitter_card":"summary_large_image","twitter_title":"Lilly&Julia's Kitchen","twitter_description":"Lilly & Julia's Kitchen \u2013 Dine With The Locals","twitter_image":"https:\/\/gaedamatur.is\/wp-content\/uploads\/2025\/05\/Lilly-and-Julias-Kitchen-logo-scaled.png","twitter_misc":{"Est. reading time":"2 minutes"},"schema":{"@context":"https:\/\/schema.org","@graph":[{"@type":"WebPage","@id":"https:\/\/gaedamatur.is\/fire-and-rice\/","url":"https:\/\/gaedamatur.is\/fire-and-rice\/","name":"Lilly&amp;Julia's - Fire &amp; Rice | G\u00e6\u00f0a Matur","isPartOf":{"@id":"https:\/\/gaedamatur.is\/#website"},"primaryImageOfPage":{"@id":"https:\/\/gaedamatur.is\/fire-and-rice\/#primaryimage"},"image":{"@id":"https:\/\/gaedamatur.is\/fire-and-rice\/#primaryimage"},"thumbnailUrl":"https:\/\/gaedamatur.is\/wp-content\/uploads\/2026\/02\/Lilly-and-Julias-Fire-and-Rice-logo-150x150.png","datePublished":"2023-05-26T14:21:35+00:00","dateModified":"2026-04-16T18:56:07+00:00","description":"Premium steaks, great sides, and a relaxed dining experience. Come for the flavor, stay for the atmosphere\u2014served daily.","breadcrumb":{"@id":"https:\/\/gaedamatur.is\/fire-and-rice\/#breadcrumb"},"inLanguage":"en-US","potentialAction":[{"@type":"ReadAction","target":["https:\/\/gaedamatur.is\/fire-and-rice\/"]}]},{"@type":"ImageObject","inLanguage":"en-US","@id":"https:\/\/gaedamatur.is\/fire-and-rice\/#primaryimage","url":"https:\/\/gaedamatur.is\/wp-content\/uploads\/2026\/02\/Lilly-and-Julias-Fire-and-Rice-logo-150x150.png","contentUrl":"https:\/\/gaedamatur.is\/wp-content\/uploads\/2026\/02\/Lilly-and-Julias-Fire-and-Rice-logo-150x150.png"},{"@type":"BreadcrumbList","@id":"https:\/\/gaedamatur.is\/fire-and-rice\/#breadcrumb","itemListElement":[{"@type":"ListItem","position":1,"name":"Home","item":"https:\/\/gaedamatur.is\/"},{"@type":"ListItem","position":2,"name":"Lilly&amp;Julia&#8217;s &#8211; Fire &amp; Rice"}]},{"@type":"WebSite","@id":"https:\/\/gaedamatur.is\/#website","url":"https:\/\/gaedamatur.is\/","name":"G\u00e6\u00f0a Matur","description":"H\u00e1g\u00e6\u00f0a Veislu\u00fej\u00f3nusta \u00e1 Selfossi","publisher":{"@id":"https:\/\/gaedamatur.is\/#organization"},"potentialAction":[{"@type":"SearchAction","target":{"@type":"EntryPoint","urlTemplate":"https:\/\/gaedamatur.is\/?s={search_term_string}"},"query-input":{"@type":"PropertyValueSpecification","valueRequired":true,"valueName":"search_term_string"}}],"inLanguage":"en-US"},{"@type":"Organization","@id":"https:\/\/gaedamatur.is\/#organization","name":"G\u00e6\u00f0a Matur","alternateName":"Lilly&Julia's Kitchen","url":"https:\/\/gaedamatur.is\/","logo":{"@type":"ImageObject","inLanguage":"en-US","@id":"https:\/\/gaedamatur.is\/#\/schema\/logo\/image\/","url":"https:\/\/gaedamatur.is\/wp-content\/uploads\/2025\/05\/Lilly-and-Julias-Kitchen-logo-scaled.png","contentUrl":"https:\/\/gaedamatur.is\/wp-content\/uploads\/2025\/05\/Lilly-and-Julias-Kitchen-logo-scaled.png","width":2560,"height":2560,"caption":"G\u00e6\u00f0a Matur"},"image":{"@id":"https:\/\/gaedamatur.is\/#\/schema\/logo\/image\/"},"sameAs":["https:\/\/www.facebook.com\/lillyandjulias","https:\/\/www.instagram.com\/lillyandjulias"]}]}},"_links":{"self":[{"href":"https:\/\/gaedamatur.is\/en\/wp-json\/wp\/v2\/pages\/1085","targetHints":{"allow":["GET"]}}],"collection":[{"href":"https:\/\/gaedamatur.is\/en\/wp-json\/wp\/v2\/pages"}],"about":[{"href":"https:\/\/gaedamatur.is\/en\/wp-json\/wp\/v2\/types\/page"}],"author":[{"embeddable":true,"href":"https:\/\/gaedamatur.is\/en\/wp-json\/wp\/v2\/users\/2"}],"replies":[{"embeddable":true,"href":"https:\/\/gaedamatur.is\/en\/wp-json\/wp\/v2\/comments?post=1085"}],"version-history":[{"count":168,"href":"https:\/\/gaedamatur.is\/en\/wp-json\/wp\/v2\/pages\/1085\/revisions"}],"predecessor-version":[{"id":2869,"href":"https:\/\/gaedamatur.is\/en\/wp-json\/wp\/v2\/pages\/1085\/revisions\/2869"}],"wp:attachment":[{"href":"https:\/\/gaedamatur.is\/en\/wp-json\/wp\/v2\/media?parent=1085"}],"curies":[{"name":"wp","href":"https:\/\/api.w.org\/{rel}","templated":true}]}}