{"id":8,"date":"2022-09-22T18:50:20","date_gmt":"2022-09-22T18:50:20","guid":{"rendered":"https:\/\/gaedamatur.is\/?page_id=8"},"modified":"2026-02-17T14:50:36","modified_gmt":"2026-02-17T14:50:36","slug":"heim","status":"publish","type":"page","link":"https:\/\/gaedamatur.is\/en\/","title":{"rendered":"Home"},"content":{"rendered":"\t\t<div data-elementor-type=\"wp-post\" data-elementor-id=\"8\" class=\"elementor elementor-8\" data-elementor-post-type=\"page\">\n\t\t\t\t\t\t<section class=\"elementor-section elementor-top-section elementor-element elementor-element-5463bab2 elementor-section-full_width elementor-section-height-full elementor-section-stretched elementor-section-content-middle elementor-section-height-default elementor-section-items-middle elementor-invisible\" data-id=\"5463bab2\" data-element_type=\"section\" data-e-type=\"section\" data-settings=\"{&quot;background_background&quot;:&quot;classic&quot;,&quot;motion_fx_motion_fx_scrolling&quot;:&quot;yes&quot;,&quot;motion_fx_range&quot;:&quot;viewport&quot;,&quot;animation&quot;:&quot;fadeIn&quot;,&quot;stretch_section&quot;:&quot;section-stretched&quot;,&quot;motion_fx_devices&quot;:[&quot;desktop&quot;,&quot;laptop&quot;,&quot;tablet&quot;,&quot;mobile&quot;]}\">\n\t\t\t\t\t\t\t<div class=\"elementor-background-overlay\"><\/div>\n\t\t\t\t\t\t\t<div class=\"elementor-container elementor-column-gap-default\">\n\t\t\t\t\t<div class=\"elementor-column elementor-col-100 elementor-top-column elementor-element elementor-element-1b65b2c2\" data-id=\"1b65b2c2\" data-element_type=\"column\" data-e-type=\"column\" data-settings=\"{&quot;background_background&quot;:&quot;classic&quot;}\">\n\t\t\t<div class=\"elementor-widget-wrap elementor-element-populated\">\n\t\t\t\t\t\t<section class=\"elementor-section elementor-inner-section elementor-element elementor-element-68af2c03 elementor-section-content-middle elementor-section-boxed elementor-section-height-default elementor-section-height-default\" data-id=\"68af2c03\" data-element_type=\"section\" data-e-type=\"section\" data-settings=\"{&quot;background_background&quot;:&quot;classic&quot;}\">\n\t\t\t\t\t\t<div class=\"elementor-container elementor-column-gap-default\">\n\t\t\t\t\t<div class=\"elementor-column elementor-col-100 elementor-inner-column elementor-element elementor-element-46653f4f animated-slow elementor-invisible\" data-id=\"46653f4f\" data-element_type=\"column\" data-e-type=\"column\" data-settings=\"{&quot;background_background&quot;:&quot;classic&quot;,&quot;animation&quot;:&quot;fadeIn&quot;,&quot;animation_delay&quot;:1500}\">\n\t\t\t<div class=\"elementor-widget-wrap elementor-element-populated\">\n\t\t\t\t\t\t<div class=\"elementor-element elementor-element-4367287b elementor-widget__width-initial elementor-widget elementor-widget-heading\" data-id=\"4367287b\" data-element_type=\"widget\" data-e-type=\"widget\" data-widget_type=\"heading.default\">\n\t\t\t\t<div class=\"elementor-widget-container\">\n\t\t\t\t\t<h1 class=\"elementor-heading-title elementor-size-default\"><a href=\"https:\/\/gaedamatur.is\/fire-and-rice\/\">Matur me\u00f0 \u00e1st<\/a><\/h1>\t\t\t\t<\/div>\n\t\t\t\t<\/div>\n\t\t\t\t\t<\/div>\n\t\t<\/div>\n\t\t\t\t\t<\/div>\n\t\t<\/section>\n\t\t\t\t\t<\/div>\n\t\t<\/div>\n\t\t\t\t\t<\/div>\n\t\t<\/section>\n\t\t\t\t<\/div>\n\t\t","protected":false},"excerpt":{"rendered":"<p>Food with love<\/p>","protected":false},"author":2,"featured_media":0,"parent":0,"menu_order":0,"comment_status":"closed","ping_status":"closed","template":"","meta":{"site-sidebar-layout":"no-sidebar","site-content-layout":"page-builder","ast-site-content-layout":"full-width-container","site-content-style":"unboxed","site-sidebar-style":"unboxed","ast-global-header-display":"","ast-banner-title-visibility":"","ast-main-header-display":"","ast-hfb-above-header-display":"","ast-hfb-below-header-display":"","ast-hfb-mobile-header-display":"","site-post-title":"disabled","ast-breadcrumbs-content":"","ast-featured-img":"disabled","footer-sml-layout":"","theme-transparent-header-meta":"default","adv-header-id-meta":"","stick-header-meta":"","header-above-stick-meta":"","header-main-stick-meta":"","header-below-stick-meta":"","astra-migrate-meta-layouts":"set","ast-page-background-enabled":"default","ast-page-background-meta":{"desktop":{"background-color":"var(--ast-global-color-4)","background-image":"","background-repeat":"repeat","background-position":"center center","background-size":"auto","background-attachment":"scroll","background-type":"","background-media":"","overlay-type":"","overlay-color":"","overlay-opacity":"","overlay-gradient":""},"tablet":{"background-color":"","background-image":"","background-repeat":"repeat","background-position":"center center","background-size":"auto","background-attachment":"scroll","background-type":"","background-media":"","overlay-type":"","overlay-color":"","overlay-opacity":"","overlay-gradient":""},"mobile":{"background-color":"","background-image":"","background-repeat":"repeat","background-position":"center center","background-size":"auto","background-attachment":"scroll","background-type":"","background-media":"","overlay-type":"","overlay-color":"","overlay-opacity":"","overlay-gradient":""}},"ast-content-background-meta":{"desktop":{"background-color":"var(--ast-global-color-5)","background-image":"","background-repeat":"repeat","background-position":"center center","background-size":"auto","background-attachment":"scroll","background-type":"","background-media":"","overlay-type":"","overlay-color":"","overlay-opacity":"","overlay-gradient":""},"tablet":{"background-color":"var(--ast-global-color-5)","background-image":"","background-repeat":"repeat","background-position":"center center","background-size":"auto","background-attachment":"scroll","background-type":"","background-media":"","overlay-type":"","overlay-color":"","overlay-opacity":"","overlay-gradient":""},"mobile":{"background-color":"var(--ast-global-color-5)","background-image":"","background-repeat":"repeat","background-position":"center center","background-size":"auto","background-attachment":"scroll","background-type":"","background-media":"","overlay-type":"","overlay-color":"","overlay-opacity":"","overlay-gradient":""}},"footnotes":""},"class_list":["post-8","page","type-page","status-publish","hentry"],"yoast_head":"<!-- This site is optimized with the Yoast SEO plugin v26.1.1 - https:\/\/yoast.com\/wordpress\/plugins\/seo\/ -->\n<title>Heim | G\u00e6\u00f0a Matur<\/title>\n<meta name=\"description\" content=\"Start your day with breakfast from our menu\u2014fresh ingredients, made-to-order favorites, and excellent coffee in a cozy setting.\" \/>\n<meta name=\"robots\" content=\"index, follow, max-snippet:-1, max-image-preview:large, max-video-preview:-1\" \/>\n<link rel=\"canonical\" href=\"https:\/\/gaedamatur.is\/en\/\" \/>\n<meta property=\"og:locale\" content=\"en_US\" \/>\n<meta property=\"og:type\" content=\"article\" \/>\n<meta property=\"og:title\" content=\"Lilly&amp;Julia&#039;s Kitchen og G\u00e6\u00f0a Matur veislu\u00fej\u00f3nusta\" \/>\n<meta property=\"og:description\" content=\"Taktu vi\u00f0bur\u00f0inn \u00feinn \u00e1 n\u00e6sta stig me\u00f0 Lilly&amp;Julia&#039;s Kitchen og G\u00e6\u00f0a Matur veislu\u00fej\u00f3nustu \u00e1 Selfossi\" \/>\n<meta property=\"og:url\" content=\"https:\/\/gaedamatur.is\/en\/\" \/>\n<meta property=\"og:site_name\" content=\"G\u00e6\u00f0a Matur\" \/>\n<meta property=\"article:publisher\" content=\"https:\/\/www.facebook.com\/lillyandjulias\" \/>\n<meta property=\"article:modified_time\" content=\"2026-02-17T14:50:36+00:00\" \/>\n<meta property=\"og:image\" content=\"https:\/\/gaedamatur.is\/wp-content\/uploads\/2023\/02\/logo-original-1000.png\" \/>\n\t<meta property=\"og:image:width\" content=\"1000\" \/>\n\t<meta property=\"og:image:height\" content=\"1000\" \/>\n\t<meta property=\"og:image:type\" content=\"image\/png\" \/>\n<meta name=\"twitter:card\" content=\"summary_large_image\" \/>\n<meta name=\"twitter:title\" content=\"Lilly&amp;Julia&#039;s Kitchen og G\u00e6\u00f0a Matur veislu\u00fej\u00f3nusta\" \/>\n<meta name=\"twitter:description\" content=\"Taktu vi\u00f0bur\u00f0inn \u00feinn \u00e1 n\u00e6sta stig me\u00f0 Lilly&amp;Julia&#039;s Kitchen og G\u00e6\u00f0a Matur veislu\u00fej\u00f3nustu \u00e1 Selfossi\" \/>\n<meta name=\"twitter:image\" content=\"https:\/\/gaedamatur.is\/wp-content\/uploads\/2023\/02\/logo-original-1000.png\" \/>\n<meta name=\"twitter:label1\" content=\"Est. reading time\" \/>\n\t<meta name=\"twitter:data1\" content=\"1 minute\" \/>\n<script type=\"application\/ld+json\" class=\"yoast-schema-graph\">{\"@context\":\"https:\/\/schema.org\",\"@graph\":[{\"@type\":\"WebPage\",\"@id\":\"https:\/\/gaedamatur.is\/\",\"url\":\"https:\/\/gaedamatur.is\/\",\"name\":\"Heim | G\u00e6\u00f0a Matur\",\"isPartOf\":{\"@id\":\"https:\/\/gaedamatur.is\/#website\"},\"datePublished\":\"2022-09-22T18:50:20+00:00\",\"dateModified\":\"2026-02-17T14:50:36+00:00\",\"description\":\"Start your day with breakfast from our menu\u2014fresh ingredients, made-to-order favorites, and excellent coffee in a cozy setting.\",\"breadcrumb\":{\"@id\":\"https:\/\/gaedamatur.is\/#breadcrumb\"},\"inLanguage\":\"en-US\",\"potentialAction\":[{\"@type\":\"ReadAction\",\"target\":[\"https:\/\/gaedamatur.is\/\"]}]},{\"@type\":\"BreadcrumbList\",\"@id\":\"https:\/\/gaedamatur.is\/#breadcrumb\",\"itemListElement\":[{\"@type\":\"ListItem\",\"position\":1,\"name\":\"Home\",\"item\":\"https:\/\/gaedamatur.is\/\"},{\"@type\":\"ListItem\",\"position\":2,\"name\":\"Heim\"}]},{\"@type\":\"WebSite\",\"@id\":\"https:\/\/gaedamatur.is\/#website\",\"url\":\"https:\/\/gaedamatur.is\/\",\"name\":\"G\u00e6\u00f0a Matur\",\"description\":\"H\u00e1g\u00e6\u00f0a Veislu\u00fej\u00f3nusta \u00e1 Selfossi\",\"publisher\":{\"@id\":\"https:\/\/gaedamatur.is\/#organization\"},\"potentialAction\":[{\"@type\":\"SearchAction\",\"target\":{\"@type\":\"EntryPoint\",\"urlTemplate\":\"https:\/\/gaedamatur.is\/?s={search_term_string}\"},\"query-input\":{\"@type\":\"PropertyValueSpecification\",\"valueRequired\":true,\"valueName\":\"search_term_string\"}}],\"inLanguage\":\"en-US\"},{\"@type\":\"Organization\",\"@id\":\"https:\/\/gaedamatur.is\/#organization\",\"name\":\"G\u00e6\u00f0a Matur\",\"alternateName\":\"Lilly&Julia's Kitchen\",\"url\":\"https:\/\/gaedamatur.is\/\",\"logo\":{\"@type\":\"ImageObject\",\"inLanguage\":\"en-US\",\"@id\":\"https:\/\/gaedamatur.is\/#\/schema\/logo\/image\/\",\"url\":\"https:\/\/gaedamatur.is\/wp-content\/uploads\/2025\/05\/Lilly-and-Julias-Kitchen-logo-scaled.png\",\"contentUrl\":\"https:\/\/gaedamatur.is\/wp-content\/uploads\/2025\/05\/Lilly-and-Julias-Kitchen-logo-scaled.png\",\"width\":2560,\"height\":2560,\"caption\":\"G\u00e6\u00f0a Matur\"},\"image\":{\"@id\":\"https:\/\/gaedamatur.is\/#\/schema\/logo\/image\/\"},\"sameAs\":[\"https:\/\/www.facebook.com\/lillyandjulias\",\"https:\/\/www.instagram.com\/lillyandjulias\"]}]}<\/script>\n<!-- \/ Yoast SEO plugin. -->","yoast_head_json":{"title":"Heim | G\u00e6\u00f0a Matur","description":"Start your day with breakfast from our menu\u2014fresh ingredients, made-to-order favorites, and excellent coffee in a cozy setting.","robots":{"index":"index","follow":"follow","max-snippet":"max-snippet:-1","max-image-preview":"max-image-preview:large","max-video-preview":"max-video-preview:-1"},"canonical":"https:\/\/gaedamatur.is\/en\/","og_locale":"en_US","og_type":"article","og_title":"Lilly&Julia's Kitchen og G\u00e6\u00f0a Matur veislu\u00fej\u00f3nusta","og_description":"Taktu vi\u00f0bur\u00f0inn \u00feinn \u00e1 n\u00e6sta stig me\u00f0 Lilly&Julia's Kitchen og G\u00e6\u00f0a Matur veislu\u00fej\u00f3nustu \u00e1 Selfossi","og_url":"https:\/\/gaedamatur.is\/en\/","og_site_name":"G\u00e6\u00f0a Matur","article_publisher":"https:\/\/www.facebook.com\/lillyandjulias","article_modified_time":"2026-02-17T14:50:36+00:00","og_image":[{"width":1000,"height":1000,"url":"https:\/\/gaedamatur.is\/wp-content\/uploads\/2023\/02\/logo-original-1000.png","type":"image\/png"}],"twitter_card":"summary_large_image","twitter_title":"Lilly&Julia's Kitchen og G\u00e6\u00f0a Matur veislu\u00fej\u00f3nusta","twitter_description":"Taktu vi\u00f0bur\u00f0inn \u00feinn \u00e1 n\u00e6sta stig me\u00f0 Lilly&Julia's Kitchen og G\u00e6\u00f0a Matur veislu\u00fej\u00f3nustu \u00e1 Selfossi","twitter_image":"https:\/\/gaedamatur.is\/wp-content\/uploads\/2023\/02\/logo-original-1000.png","twitter_misc":{"Est. reading time":"1 minute"},"schema":{"@context":"https:\/\/schema.org","@graph":[{"@type":"WebPage","@id":"https:\/\/gaedamatur.is\/","url":"https:\/\/gaedamatur.is\/","name":"Heim | G\u00e6\u00f0a Matur","isPartOf":{"@id":"https:\/\/gaedamatur.is\/#website"},"datePublished":"2022-09-22T18:50:20+00:00","dateModified":"2026-02-17T14:50:36+00:00","description":"Start your day with breakfast from our menu\u2014fresh ingredients, made-to-order favorites, and excellent coffee in a cozy setting.","breadcrumb":{"@id":"https:\/\/gaedamatur.is\/#breadcrumb"},"inLanguage":"en-US","potentialAction":[{"@type":"ReadAction","target":["https:\/\/gaedamatur.is\/"]}]},{"@type":"BreadcrumbList","@id":"https:\/\/gaedamatur.is\/#breadcrumb","itemListElement":[{"@type":"ListItem","position":1,"name":"Home","item":"https:\/\/gaedamatur.is\/"},{"@type":"ListItem","position":2,"name":"Heim"}]},{"@type":"WebSite","@id":"https:\/\/gaedamatur.is\/#website","url":"https:\/\/gaedamatur.is\/","name":"G\u00e6\u00f0a Matur","description":"H\u00e1g\u00e6\u00f0a Veislu\u00fej\u00f3nusta \u00e1 Selfossi","publisher":{"@id":"https:\/\/gaedamatur.is\/#organization"},"potentialAction":[{"@type":"SearchAction","target":{"@type":"EntryPoint","urlTemplate":"https:\/\/gaedamatur.is\/?s={search_term_string}"},"query-input":{"@type":"PropertyValueSpecification","valueRequired":true,"valueName":"search_term_string"}}],"inLanguage":"en-US"},{"@type":"Organization","@id":"https:\/\/gaedamatur.is\/#organization","name":"G\u00e6\u00f0a Matur","alternateName":"Lilly&Julia's Kitchen","url":"https:\/\/gaedamatur.is\/","logo":{"@type":"ImageObject","inLanguage":"en-US","@id":"https:\/\/gaedamatur.is\/#\/schema\/logo\/image\/","url":"https:\/\/gaedamatur.is\/wp-content\/uploads\/2025\/05\/Lilly-and-Julias-Kitchen-logo-scaled.png","contentUrl":"https:\/\/gaedamatur.is\/wp-content\/uploads\/2025\/05\/Lilly-and-Julias-Kitchen-logo-scaled.png","width":2560,"height":2560,"caption":"G\u00e6\u00f0a Matur"},"image":{"@id":"https:\/\/gaedamatur.is\/#\/schema\/logo\/image\/"},"sameAs":["https:\/\/www.facebook.com\/lillyandjulias","https:\/\/www.instagram.com\/lillyandjulias"]}]}},"_links":{"self":[{"href":"https:\/\/gaedamatur.is\/en\/wp-json\/wp\/v2\/pages\/8","targetHints":{"allow":["GET"]}}],"collection":[{"href":"https:\/\/gaedamatur.is\/en\/wp-json\/wp\/v2\/pages"}],"about":[{"href":"https:\/\/gaedamatur.is\/en\/wp-json\/wp\/v2\/types\/page"}],"author":[{"embeddable":true,"href":"https:\/\/gaedamatur.is\/en\/wp-json\/wp\/v2\/users\/2"}],"replies":[{"embeddable":true,"href":"https:\/\/gaedamatur.is\/en\/wp-json\/wp\/v2\/comments?post=8"}],"version-history":[{"count":43,"href":"https:\/\/gaedamatur.is\/en\/wp-json\/wp\/v2\/pages\/8\/revisions"}],"predecessor-version":[{"id":2814,"href":"https:\/\/gaedamatur.is\/en\/wp-json\/wp\/v2\/pages\/8\/revisions\/2814"}],"wp:attachment":[{"href":"https:\/\/gaedamatur.is\/en\/wp-json\/wp\/v2\/media?parent=8"}],"curies":[{"name":"wp","href":"https:\/\/api.w.org\/{rel}","templated":true}]}}