{"id":99,"date":"2022-10-04T13:42:31","date_gmt":"2022-10-04T13:42:31","guid":{"rendered":"https:\/\/gaedamatur.is\/?page_id=99"},"modified":"2025-12-18T02:35:32","modified_gmt":"2025-12-18T02:35:32","slug":"hagaeda-veisluthjonusta","status":"publish","type":"page","link":"https:\/\/gaedamatur.is\/en\/hagaeda-veisluthjonusta\/","title":{"rendered":"Veislu\u00fej\u00f3nusta"},"content":{"rendered":"<div data-elementor-type=\"wp-page\" data-elementor-id=\"99\" class=\"elementor elementor-99\" data-elementor-post-type=\"page\">\n\t\t\t\t\t\t<section class=\"elementor-section elementor-top-section elementor-element elementor-element-85a0416 elementor-section-content-middle elementor-section-boxed elementor-section-height-default elementor-section-height-default\" data-id=\"85a0416\" data-element_type=\"section\" data-e-type=\"section\">\n\t\t\t\t\t\t<div class=\"elementor-container elementor-column-gap-no\">\n\t\t\t\t\t<div class=\"elementor-column elementor-col-100 elementor-top-column elementor-element elementor-element-6fc78f4\" data-id=\"6fc78f4\" data-element_type=\"column\" data-e-type=\"column\">\n\t\t\t<div class=\"elementor-widget-wrap elementor-element-populated\">\n\t\t\t\t\t\t<div class=\"elementor-element elementor-element-cfbfe05 elementor-widget elementor-widget-heading\" data-id=\"cfbfe05\" data-element_type=\"widget\" data-e-type=\"widget\" data-widget_type=\"heading.default\">\n\t\t\t\t<div class=\"elementor-widget-container\">\n\t\t\t\t\t<h1 class=\"elementor-heading-title elementor-size-default\"><b>G\u00e6\u00f0a Matur Veislu\u00fej\u00f3nusta<\/b><\/h1>\t\t\t\t<\/div>\n\t\t\t\t<\/div>\n\t\t\t\t<div class=\"elementor-element elementor-element-0c21717 elementor-widget elementor-widget-spacer\" data-id=\"0c21717\" data-element_type=\"widget\" data-e-type=\"widget\" data-widget_type=\"spacer.default\">\n\t\t\t\t<div class=\"elementor-widget-container\">\n\t\t\t\t\t\t\t<div class=\"elementor-spacer\">\n\t\t\t<div class=\"elementor-spacer-inner\"><\/div>\n\t\t<\/div>\n\t\t\t\t\t\t<\/div>\n\t\t\t\t<\/div>\n\t\t\t\t<div class=\"elementor-element elementor-element-acf6705 elementor-widget elementor-widget-text-editor\" data-id=\"acf6705\" data-element_type=\"widget\" data-e-type=\"widget\" data-widget_type=\"text-editor.default\">\n\t\t\t\t<div class=\"elementor-widget-container\">\n\t\t\t\t\t\t\t\t\t<h2><span style=\"font-style: inherit; font-weight: inherit;\">Matse\u00f0illinn er s\u00e9rsni\u00f0inn fyrir gestina til a\u00f0 m\u00e6ta \u00fe\u00f6rfum hvers og eins.<\/span><br \/><span style=\"font-style: inherit; font-weight: inherit;\"><br \/>Vi\u00f0 erum mj\u00f6g sveigjanleg og f\u00fas til a\u00f0 vinna me\u00f0 gestum okkar fyrir \u00feeirra bestu upplifun.<\/span><br \/><span style=\"font-style: inherit; font-weight: inherit;\"><br \/>Vinsamlegast sendu \u00e1 okkur og vi\u00f0 skulum gera veisluna \u00fe\u00edna s\u00e9rstaka saman.<\/span><\/h2><h2>Ferskleiki. G\u00e6\u00f0i. \u00d6ryggi. Engar m\u00e1lami\u00f0lanir.<\/h2><h2><strong>G\u00e6\u00f0a Matur<\/strong><\/h2>\t\t\t\t\t\t\t\t<\/div>\n\t\t\t\t<\/div>\n\t\t\t\t<div class=\"elementor-element elementor-element-1b2725b elementor-button-success elementor-align-center elementor-widget elementor-widget-button\" data-id=\"1b2725b\" data-element_type=\"widget\" data-e-type=\"widget\" data-widget_type=\"button.default\">\n\t\t\t\t<div class=\"elementor-widget-container\">\n\t\t\t\t\t\t\t\t\t<div class=\"elementor-button-wrapper\">\n\t\t\t\t\t<a class=\"elementor-button elementor-button-link elementor-size-sm\" href=\"https:\/\/gaedamatur.is\/en\/hafa-samband\/\" target=\"_blank\">\n\t\t\t\t\t\t<span class=\"elementor-button-content-wrapper\">\n\t\t\t\t\t\t\t\t\t<span class=\"elementor-button-text\">Contact<\/span>\n\t\t\t\t\t<\/span>\n\t\t\t\t\t<\/a>\n\t\t\t\t<\/div>\n\t\t\t\t\t\t\t\t<\/div>\n\t\t\t\t<\/div>\n\t\t\t\t<div class=\"elementor-element elementor-element-92df113 elementor-widget elementor-widget-image\" data-id=\"92df113\" data-element_type=\"widget\" data-e-type=\"widget\" data-widget_type=\"image.default\">\n\t\t\t\t<div class=\"elementor-widget-container\">\n\t\t\t\t\t\t\t\t\t\t\t\t\t\t\t\t<a href=\"https:\/\/gaedamatur.is\/wp-content\/uploads\/2023\/11\/unnamed-scaled.jpg\" data-elementor-open-lightbox=\"yes\" data-elementor-lightbox-title=\"unnamed\" data-e-action-hash=\"#elementor-action%3Aaction%3Dlightbox%26settings%3DeyJpZCI6MTMyMSwidXJsIjoiaHR0cHM6XC9cL2dhZWRhbWF0dXIuaXNcL3dwLWNvbnRlbnRcL3VwbG9hZHNcLzIwMjNcLzExXC91bm5hbWVkLXNjYWxlZC5qcGcifQ%3D%3D\">\n\t\t\t\t\t\t\t<img fetchpriority=\"high\" decoding=\"async\" width=\"768\" height=\"1024\" src=\"https:\/\/gaedamatur.is\/wp-content\/uploads\/2023\/11\/unnamed-768x1024.jpg\" class=\"attachment-large size-large wp-image-1321\" alt=\"veisluplati\" srcset=\"https:\/\/gaedamatur.is\/wp-content\/uploads\/2023\/11\/unnamed-768x1024.jpg 768w, https:\/\/gaedamatur.is\/wp-content\/uploads\/2023\/11\/unnamed-225x300.jpg 225w, https:\/\/gaedamatur.is\/wp-content\/uploads\/2023\/11\/unnamed-1152x1536.jpg 1152w, https:\/\/gaedamatur.is\/wp-content\/uploads\/2023\/11\/unnamed-1536x2048.jpg 1536w, https:\/\/gaedamatur.is\/wp-content\/uploads\/2023\/11\/unnamed-9x12.jpg 9w, https:\/\/gaedamatur.is\/wp-content\/uploads\/2023\/11\/unnamed-300x400.jpg 300w, https:\/\/gaedamatur.is\/wp-content\/uploads\/2023\/11\/unnamed-600x800.jpg 600w, https:\/\/gaedamatur.is\/wp-content\/uploads\/2023\/11\/unnamed-scaled.jpg 1920w\" sizes=\"(max-width: 768px) 100vw, 768px\" \/>\t\t\t\t\t\t\t\t<\/a>\n\t\t\t\t\t\t\t\t\t\t\t\t\t\t\t<\/div>\n\t\t\t\t<\/div>\n\t\t\t\t\t<\/div>\n\t\t<\/div>\n\t\t\t\t\t<\/div>\n\t\t<\/section>\n\t\t\t\t<\/div>","protected":false},"excerpt":{"rendered":"<p>G\u00e6\u00f0a Matur Veislu\u00fej\u00f3nusta Matse\u00f0illinn er s\u00e9rsni\u00f0inn fyrir gestina til a\u00f0 m\u00e6ta \u00fe\u00f6rfum hvers og eins. Vi\u00f0 erum mj\u00f6g sveigjanleg og f\u00fas til a\u00f0 vinna me\u00f0 gestum okkar fyrir \u00feeirra bestu upplifun. Vinsamlegast sendu \u00e1 okkur og vi\u00f0 skulum gera veisluna \u00fe\u00edna s\u00e9rstaka saman. Ferskleiki. G\u00e6\u00f0i. \u00d6ryggi. Engar m\u00e1lami\u00f0lanir. G\u00e6\u00f0a Matur Hafa Samband<\/p>","protected":false},"author":2,"featured_media":0,"parent":0,"menu_order":0,"comment_status":"closed","ping_status":"closed","template":"","meta":{"site-sidebar-layout":"no-sidebar","site-content-layout":"page-builder","ast-site-content-layout":"full-width-container","site-content-style":"unboxed","site-sidebar-style":"unboxed","ast-global-header-display":"","ast-banner-title-visibility":"","ast-main-header-display":"","ast-hfb-above-header-display":"","ast-hfb-below-header-display":"","ast-hfb-mobile-header-display":"","site-post-title":"disabled","ast-breadcrumbs-content":"","ast-featured-img":"disabled","footer-sml-layout":"","theme-transparent-header-meta":"default","adv-header-id-meta":"","stick-header-meta":"","header-above-stick-meta":"","header-main-stick-meta":"","header-below-stick-meta":"","astra-migrate-meta-layouts":"set","ast-page-background-enabled":"default","ast-page-background-meta":{"desktop":{"background-color":"var(--ast-global-color-4)","background-image":"","background-repeat":"repeat","background-position":"center center","background-size":"auto","background-attachment":"scroll","background-type":"","background-media":"","overlay-type":"","overlay-color":"","overlay-opacity":"","overlay-gradient":""},"tablet":{"background-color":"","background-image":"","background-repeat":"repeat","background-position":"center center","background-size":"auto","background-attachment":"scroll","background-type":"","background-media":"","overlay-type":"","overlay-color":"","overlay-opacity":"","overlay-gradient":""},"mobile":{"background-color":"","background-image":"","background-repeat":"repeat","background-position":"center center","background-size":"auto","background-attachment":"scroll","background-type":"","background-media":"","overlay-type":"","overlay-color":"","overlay-opacity":"","overlay-gradient":""}},"ast-content-background-meta":{"desktop":{"background-color":"var(--ast-global-color-5)","background-image":"","background-repeat":"repeat","background-position":"center center","background-size":"auto","background-attachment":"scroll","background-type":"","background-media":"","overlay-type":"","overlay-color":"","overlay-opacity":"","overlay-gradient":""},"tablet":{"background-color":"var(--ast-global-color-5)","background-image":"","background-repeat":"repeat","background-position":"center center","background-size":"auto","background-attachment":"scroll","background-type":"","background-media":"","overlay-type":"","overlay-color":"","overlay-opacity":"","overlay-gradient":""},"mobile":{"background-color":"var(--ast-global-color-5)","background-image":"","background-repeat":"repeat","background-position":"center center","background-size":"auto","background-attachment":"scroll","background-type":"","background-media":"","overlay-type":"","overlay-color":"","overlay-opacity":"","overlay-gradient":""}},"footnotes":""},"class_list":["post-99","page","type-page","status-publish","hentry"],"yoast_head":"<!-- This site is optimized with the Yoast SEO plugin v26.1.1 - https:\/\/yoast.com\/wordpress\/plugins\/seo\/ -->\n<title>Veislu\u00fej\u00f3nusta | G\u00e6\u00f0a Matur<\/title>\n<meta name=\"description\" content=\"Veislu\u00fej\u00f3nusta \u00e1 Selfossi fyrir br\u00fa\u00f0kaup, afm\u00e6li ,fyrirt\u00e6ki og flr. Lj\u00faffengur matur, ferskt hr\u00e1efni og pers\u00f3nuleg \u00fej\u00f3nusta \u2013 vi\u00f0 sj\u00e1um um veisluna!\" \/>\n<meta name=\"robots\" content=\"index, follow, max-snippet:-1, max-image-preview:large, max-video-preview:-1\" \/>\n<link rel=\"canonical\" href=\"https:\/\/gaedamatur.is\/en\/hagaeda-veisluthjonusta\/\" \/>\n<meta property=\"og:locale\" content=\"en_US\" \/>\n<meta property=\"og:type\" content=\"article\" \/>\n<meta property=\"og:title\" content=\"Veislu\u00fej\u00f3nusta | G\u00e6\u00f0a Matur\" \/>\n<meta property=\"og:description\" content=\"Veislu\u00fej\u00f3nusta \u00e1 Selfossi fyrir br\u00fa\u00f0kaup, afm\u00e6li ,fyrirt\u00e6ki og flr. Lj\u00faffengur matur, ferskt hr\u00e1efni og pers\u00f3nuleg \u00fej\u00f3nusta \u2013 vi\u00f0 sj\u00e1um um veisluna!\" \/>\n<meta property=\"og:url\" content=\"https:\/\/gaedamatur.is\/en\/hagaeda-veisluthjonusta\/\" \/>\n<meta property=\"og:site_name\" content=\"G\u00e6\u00f0a Matur\" \/>\n<meta property=\"article:publisher\" content=\"https:\/\/www.facebook.com\/lillyandjulias\" \/>\n<meta property=\"article:modified_time\" content=\"2025-12-18T02:35:32+00:00\" \/>\n<meta property=\"og:image\" content=\"https:\/\/gaedamatur.is\/wp-content\/uploads\/2023\/11\/unnamed-scaled.jpg\" \/>\n\t<meta property=\"og:image:width\" content=\"1920\" \/>\n\t<meta property=\"og:image:height\" content=\"2560\" \/>\n\t<meta property=\"og:image:type\" content=\"image\/jpeg\" \/>\n<meta name=\"twitter:card\" content=\"summary_large_image\" \/>\n<meta name=\"twitter:label1\" content=\"Est. reading time\" \/>\n\t<meta name=\"twitter:data1\" content=\"1 minute\" \/>\n<script type=\"application\/ld+json\" class=\"yoast-schema-graph\">{\"@context\":\"https:\/\/schema.org\",\"@graph\":[{\"@type\":\"WebPage\",\"@id\":\"https:\/\/gaedamatur.is\/hagaeda-veisluthjonusta\/\",\"url\":\"https:\/\/gaedamatur.is\/hagaeda-veisluthjonusta\/\",\"name\":\"Veislu\u00fej\u00f3nusta | G\u00e6\u00f0a Matur\",\"isPartOf\":{\"@id\":\"https:\/\/gaedamatur.is\/#website\"},\"primaryImageOfPage\":{\"@id\":\"https:\/\/gaedamatur.is\/hagaeda-veisluthjonusta\/#primaryimage\"},\"image\":{\"@id\":\"https:\/\/gaedamatur.is\/hagaeda-veisluthjonusta\/#primaryimage\"},\"thumbnailUrl\":\"https:\/\/gaedamatur.is\/wp-content\/uploads\/2023\/11\/unnamed-768x1024.jpg\",\"datePublished\":\"2022-10-04T13:42:31+00:00\",\"dateModified\":\"2025-12-18T02:35:32+00:00\",\"description\":\"Veislu\u00fej\u00f3nusta \u00e1 Selfossi fyrir br\u00fa\u00f0kaup, afm\u00e6li ,fyrirt\u00e6ki og flr. Lj\u00faffengur matur, ferskt hr\u00e1efni og pers\u00f3nuleg \u00fej\u00f3nusta \u2013 vi\u00f0 sj\u00e1um um veisluna!\",\"breadcrumb\":{\"@id\":\"https:\/\/gaedamatur.is\/hagaeda-veisluthjonusta\/#breadcrumb\"},\"inLanguage\":\"en-US\",\"potentialAction\":[{\"@type\":\"ReadAction\",\"target\":[\"https:\/\/gaedamatur.is\/hagaeda-veisluthjonusta\/\"]}]},{\"@type\":\"ImageObject\",\"inLanguage\":\"en-US\",\"@id\":\"https:\/\/gaedamatur.is\/hagaeda-veisluthjonusta\/#primaryimage\",\"url\":\"https:\/\/gaedamatur.is\/wp-content\/uploads\/2023\/11\/unnamed-768x1024.jpg\",\"contentUrl\":\"https:\/\/gaedamatur.is\/wp-content\/uploads\/2023\/11\/unnamed-768x1024.jpg\"},{\"@type\":\"BreadcrumbList\",\"@id\":\"https:\/\/gaedamatur.is\/hagaeda-veisluthjonusta\/#breadcrumb\",\"itemListElement\":[{\"@type\":\"ListItem\",\"position\":1,\"name\":\"Home\",\"item\":\"https:\/\/gaedamatur.is\/\"},{\"@type\":\"ListItem\",\"position\":2,\"name\":\"Veislu\u00fej\u00f3nusta\"}]},{\"@type\":\"WebSite\",\"@id\":\"https:\/\/gaedamatur.is\/#website\",\"url\":\"https:\/\/gaedamatur.is\/\",\"name\":\"G\u00e6\u00f0a Matur\",\"description\":\"H\u00e1g\u00e6\u00f0a Veislu\u00fej\u00f3nusta \u00e1 Selfossi\",\"publisher\":{\"@id\":\"https:\/\/gaedamatur.is\/#organization\"},\"potentialAction\":[{\"@type\":\"SearchAction\",\"target\":{\"@type\":\"EntryPoint\",\"urlTemplate\":\"https:\/\/gaedamatur.is\/?s={search_term_string}\"},\"query-input\":{\"@type\":\"PropertyValueSpecification\",\"valueRequired\":true,\"valueName\":\"search_term_string\"}}],\"inLanguage\":\"en-US\"},{\"@type\":\"Organization\",\"@id\":\"https:\/\/gaedamatur.is\/#organization\",\"name\":\"G\u00e6\u00f0a Matur\",\"alternateName\":\"Lilly&Julia's Kitchen\",\"url\":\"https:\/\/gaedamatur.is\/\",\"logo\":{\"@type\":\"ImageObject\",\"inLanguage\":\"en-US\",\"@id\":\"https:\/\/gaedamatur.is\/#\/schema\/logo\/image\/\",\"url\":\"https:\/\/gaedamatur.is\/wp-content\/uploads\/2025\/05\/Lilly-and-Julias-Kitchen-logo-scaled.png\",\"contentUrl\":\"https:\/\/gaedamatur.is\/wp-content\/uploads\/2025\/05\/Lilly-and-Julias-Kitchen-logo-scaled.png\",\"width\":2560,\"height\":2560,\"caption\":\"G\u00e6\u00f0a Matur\"},\"image\":{\"@id\":\"https:\/\/gaedamatur.is\/#\/schema\/logo\/image\/\"},\"sameAs\":[\"https:\/\/www.facebook.com\/lillyandjulias\",\"https:\/\/www.instagram.com\/lillyandjulias\"]}]}<\/script>\n<!-- \/ Yoast SEO plugin. -->","yoast_head_json":{"title":"Veislu\u00fej\u00f3nusta | G\u00e6\u00f0a Matur","description":"Veislu\u00fej\u00f3nusta \u00e1 Selfossi fyrir br\u00fa\u00f0kaup, afm\u00e6li ,fyrirt\u00e6ki og flr. Lj\u00faffengur matur, ferskt hr\u00e1efni og pers\u00f3nuleg \u00fej\u00f3nusta \u2013 vi\u00f0 sj\u00e1um um veisluna!","robots":{"index":"index","follow":"follow","max-snippet":"max-snippet:-1","max-image-preview":"max-image-preview:large","max-video-preview":"max-video-preview:-1"},"canonical":"https:\/\/gaedamatur.is\/en\/hagaeda-veisluthjonusta\/","og_locale":"en_US","og_type":"article","og_title":"Veislu\u00fej\u00f3nusta | G\u00e6\u00f0a Matur","og_description":"Veislu\u00fej\u00f3nusta \u00e1 Selfossi fyrir br\u00fa\u00f0kaup, afm\u00e6li ,fyrirt\u00e6ki og flr. Lj\u00faffengur matur, ferskt hr\u00e1efni og pers\u00f3nuleg \u00fej\u00f3nusta \u2013 vi\u00f0 sj\u00e1um um veisluna!","og_url":"https:\/\/gaedamatur.is\/en\/hagaeda-veisluthjonusta\/","og_site_name":"G\u00e6\u00f0a Matur","article_publisher":"https:\/\/www.facebook.com\/lillyandjulias","article_modified_time":"2025-12-18T02:35:32+00:00","og_image":[{"width":1920,"height":2560,"url":"https:\/\/gaedamatur.is\/wp-content\/uploads\/2023\/11\/unnamed-scaled.jpg","type":"image\/jpeg"}],"twitter_card":"summary_large_image","twitter_misc":{"Est. reading time":"1 minute"},"schema":{"@context":"https:\/\/schema.org","@graph":[{"@type":"WebPage","@id":"https:\/\/gaedamatur.is\/hagaeda-veisluthjonusta\/","url":"https:\/\/gaedamatur.is\/hagaeda-veisluthjonusta\/","name":"Veislu\u00fej\u00f3nusta | G\u00e6\u00f0a Matur","isPartOf":{"@id":"https:\/\/gaedamatur.is\/#website"},"primaryImageOfPage":{"@id":"https:\/\/gaedamatur.is\/hagaeda-veisluthjonusta\/#primaryimage"},"image":{"@id":"https:\/\/gaedamatur.is\/hagaeda-veisluthjonusta\/#primaryimage"},"thumbnailUrl":"https:\/\/gaedamatur.is\/wp-content\/uploads\/2023\/11\/unnamed-768x1024.jpg","datePublished":"2022-10-04T13:42:31+00:00","dateModified":"2025-12-18T02:35:32+00:00","description":"Veislu\u00fej\u00f3nusta \u00e1 Selfossi fyrir br\u00fa\u00f0kaup, afm\u00e6li ,fyrirt\u00e6ki og flr. Lj\u00faffengur matur, ferskt hr\u00e1efni og pers\u00f3nuleg \u00fej\u00f3nusta \u2013 vi\u00f0 sj\u00e1um um veisluna!","breadcrumb":{"@id":"https:\/\/gaedamatur.is\/hagaeda-veisluthjonusta\/#breadcrumb"},"inLanguage":"en-US","potentialAction":[{"@type":"ReadAction","target":["https:\/\/gaedamatur.is\/hagaeda-veisluthjonusta\/"]}]},{"@type":"ImageObject","inLanguage":"en-US","@id":"https:\/\/gaedamatur.is\/hagaeda-veisluthjonusta\/#primaryimage","url":"https:\/\/gaedamatur.is\/wp-content\/uploads\/2023\/11\/unnamed-768x1024.jpg","contentUrl":"https:\/\/gaedamatur.is\/wp-content\/uploads\/2023\/11\/unnamed-768x1024.jpg"},{"@type":"BreadcrumbList","@id":"https:\/\/gaedamatur.is\/hagaeda-veisluthjonusta\/#breadcrumb","itemListElement":[{"@type":"ListItem","position":1,"name":"Home","item":"https:\/\/gaedamatur.is\/"},{"@type":"ListItem","position":2,"name":"Veislu\u00fej\u00f3nusta"}]},{"@type":"WebSite","@id":"https:\/\/gaedamatur.is\/#website","url":"https:\/\/gaedamatur.is\/","name":"G\u00e6\u00f0a Matur","description":"H\u00e1g\u00e6\u00f0a Veislu\u00fej\u00f3nusta \u00e1 Selfossi","publisher":{"@id":"https:\/\/gaedamatur.is\/#organization"},"potentialAction":[{"@type":"SearchAction","target":{"@type":"EntryPoint","urlTemplate":"https:\/\/gaedamatur.is\/?s={search_term_string}"},"query-input":{"@type":"PropertyValueSpecification","valueRequired":true,"valueName":"search_term_string"}}],"inLanguage":"en-US"},{"@type":"Organization","@id":"https:\/\/gaedamatur.is\/#organization","name":"G\u00e6\u00f0a Matur","alternateName":"Lilly&Julia's Kitchen","url":"https:\/\/gaedamatur.is\/","logo":{"@type":"ImageObject","inLanguage":"en-US","@id":"https:\/\/gaedamatur.is\/#\/schema\/logo\/image\/","url":"https:\/\/gaedamatur.is\/wp-content\/uploads\/2025\/05\/Lilly-and-Julias-Kitchen-logo-scaled.png","contentUrl":"https:\/\/gaedamatur.is\/wp-content\/uploads\/2025\/05\/Lilly-and-Julias-Kitchen-logo-scaled.png","width":2560,"height":2560,"caption":"G\u00e6\u00f0a Matur"},"image":{"@id":"https:\/\/gaedamatur.is\/#\/schema\/logo\/image\/"},"sameAs":["https:\/\/www.facebook.com\/lillyandjulias","https:\/\/www.instagram.com\/lillyandjulias"]}]}},"_links":{"self":[{"href":"https:\/\/gaedamatur.is\/en\/wp-json\/wp\/v2\/pages\/99","targetHints":{"allow":["GET"]}}],"collection":[{"href":"https:\/\/gaedamatur.is\/en\/wp-json\/wp\/v2\/pages"}],"about":[{"href":"https:\/\/gaedamatur.is\/en\/wp-json\/wp\/v2\/types\/page"}],"author":[{"embeddable":true,"href":"https:\/\/gaedamatur.is\/en\/wp-json\/wp\/v2\/users\/2"}],"replies":[{"embeddable":true,"href":"https:\/\/gaedamatur.is\/en\/wp-json\/wp\/v2\/comments?post=99"}],"version-history":[{"count":36,"href":"https:\/\/gaedamatur.is\/en\/wp-json\/wp\/v2\/pages\/99\/revisions"}],"predecessor-version":[{"id":2702,"href":"https:\/\/gaedamatur.is\/en\/wp-json\/wp\/v2\/pages\/99\/revisions\/2702"}],"wp:attachment":[{"href":"https:\/\/gaedamatur.is\/en\/wp-json\/wp\/v2\/media?parent=99"}],"curies":[{"name":"wp","href":"https:\/\/api.w.org\/{rel}","templated":true}]}}